{"id":63371,"date":"2025-07-29T16:03:09","date_gmt":"2025-07-29T09:03:09","guid":{"rendered":"https:\/\/mouldking.store\/shop\/moc-factory-145007-at04-1-8-scale-racing-car-model-with-2838-pieces\/"},"modified":"2025-12-16T20:58:47","modified_gmt":"2025-12-16T13:58:47","slug":"moc-factory-145007-at04-1-8-scale-racing-car-model-with-2838-pieces","status":"publish","type":"product","link":"https:\/\/mouldking.store\/vi\/shop\/moc-factory-145007-at04-1-8-scale-racing-car-model-with-2838-pieces\/","title":{"rendered":"B\u1ed9 m\u00f4 h\u00ecnh xe \u0111ua MOC Factory 145007 AT04 t\u1ef7 l\u1ec7 1\/8 g\u1ed3m 2838 chi ti\u1ebft."},"content":{"rendered":"<div>\u2705 MOC-145007 AT04 1\/8 Scale Racing Car Model<\/p>\n<\/div>\n<div>\u2705 The MOC-145007 AT04 1\/8 Scale Racing Car Model is a highly detailed &#8220;My Own Creation&#8221; (MOC) building block set that replicates the AlphaTauri F1 AT04 racing car from the 2023 season. This is a significantly larger and more complex model than the previous ones you inquired about.<\/p>\n<\/div>\n<div>\ud83d\udeab QUAN TR\u1eccNG!<\/p>\n<\/div>\n<div>Product Name: AT04 1\/8 Scale Racing Car Model<\/p>\n<\/div>\n<div>Category: Technic.<\/p>\n<\/div>\n<div>This Kit Contains: MOC-145007<\/p>\n<\/div>\n<div>2838 pcs Good Quality Bricks<\/p>\n<\/div>\n<div>Size: 69 x 25 x 13 cm.<\/p>\n<\/div>\n<div>Weight: 2200g&nbsp;<\/p>\n<\/div>\n<div>H\u01b0\u1edbng d\u1eabn PDF<\/p>\n<\/div>\n<div>\ud83d\udcccB\u1ea3n ch\u1ea5t c\u1ee7a nh\u00e2n v\u1eadt ch\u00ednh<br \/>The MOC-145007 AT04 1\/8 Scale Racing Car Model is a premium, large-scale, and highly detailed MOC set that offers a deep building experience and a stunning display model for fans of Formula 1 and technical building blocks.<\/div>\n<div><\/div>","protected":false},"excerpt":{"rendered":"<p>Th\u01b0\u01a1ng hi\u1ec7u: Nh\u00e0 m\u00e1y M\u1ed8C<br \/>\nGi\u1edbi t\u00ednh: Unisex<br \/>\n\u0110\u1ed9 tu\u1ed5i: &gt; 6 tu\u1ed5i<br \/>\nModel Number: 145007<br \/>\nPh\u00e2n lo\u1ea1i: T\u1eadp h\u1ee3p<br \/>\nH\u00ecnh d\u1ea1ng kh\u1ed1i nh\u1ef1a: G\u1ea1ch t\u1ef1 kh\u00f3a<br \/>\nCh\u1ea5t li\u1ec7u: Nh\u1ef1a<br \/>\nLo\u1ea1i nh\u1ef1a: ABS<br \/>\nBricks Blocks: 2838 +<br \/>\nKh\u00f4ng c\u00f3 h\u1ed9p<\/p>","protected":false},"featured_media":63370,"comment_status":"open","ping_status":"closed","template":"","meta":{"_acf_changed":false},"product_cat":[1357,364],"product_tag":[13792,12796,389,13782,11080],"class_list":["product","first","instock","shipping-taxable","purchasable","product-type-simple"],"acf":[],"_links":{"self":[{"href":"https:\/\/mouldking.store\/vi\/wp-json\/wp\/v2\/product\/63371","targetHints":{"allow":["GET"]}}],"collection":[{"href":"https:\/\/mouldking.store\/vi\/wp-json\/wp\/v2\/product"}],"about":[{"href":"https:\/\/mouldking.store\/vi\/wp-json\/wp\/v2\/types\/product"}],"replies":[{"embeddable":true,"href":"https:\/\/mouldking.store\/vi\/wp-json\/wp\/v2\/comments?post=63371"}],"wp:featuredmedia":[{"embeddable":true,"href":"https:\/\/mouldking.store\/vi\/wp-json\/wp\/v2\/media\/63370"}],"wp:attachment":[{"href":"https:\/\/mouldking.store\/vi\/wp-json\/wp\/v2\/media?parent=63371"}],"wp:term":[{"taxonomy":"product_cat","embeddable":true,"href":"https:\/\/mouldking.store\/vi\/wp-json\/wp\/v2\/product_cat?post=63371"},{"taxonomy":"product_tag","embeddable":true,"href":"https:\/\/mouldking.store\/vi\/wp-json\/wp\/v2\/product_tag?post=63371"}],"curies":[{"name":"wp","href":"https:\/\/api.w.org\/{rel}","templated":true}]}}