{"id":63554,"date":"2025-08-06T11:35:08","date_gmt":"2025-08-06T04:35:08","guid":{"rendered":"https:\/\/mouldking.store\/shop\/moc-factory-92758-winter-cabin-street-view1400pcs-with-1004-pieces\/"},"modified":"2025-12-16T20:58:46","modified_gmt":"2025-12-16T13:58:46","slug":"moc-factory-92758-winter-cabin-street-view1400pcs-with-1004-pieces","status":"publish","type":"product","link":"https:\/\/mouldking.store\/vi\/shop\/moc-factory-92758-winter-cabin-street-view1400pcs-with-1004-pieces\/","title":{"rendered":"MOC Factory 92758 Winter Cabin Street View(1400PCS) with 1004 Pieces"},"content":{"rendered":"<div>\u2705 MOC-92758 Winter Cabin Street View(1400PCS)<\/p>\n<\/div>\n<div>\u2705 C\u00e1c <strong>MOC-92758 Winter Cabin Street View<\/strong> is a custom-designed building block set that has gained popularity among fans of the Winter Village theme.<\/p>\n<\/div>\n<div>\ud83d\udeab QUAN TR\u1eccNG!<\/p>\n<\/div>\n<div>Product Name:&nbsp; Winter Cabin Street View<\/p>\n<\/div>\n<div>Danh m\u1ee5c: T\u00f2a nh\u00e0 m\u00f4-\u0111un<\/p>\n<\/div>\n<div>This Kit Contains: MOC-92758<\/p>\n<\/div>\n<div>1400 pcs Good Quality Bricks<\/p>\n<\/div>\n<div>K\u00edch th\u01b0\u1edbc: 37 x 27 x 7cm<\/p>\n<\/div>\n<div>Tr\u1ecdng l\u01b0\u1ee3ng: 1100g<\/p>\n<\/div>\n<div>H\u01b0\u1edbng d\u1eabn PDF<\/p>\n<\/div>\n<div>\ud83d\udcccB\u1ea3n ch\u1ea5t c\u1ee7a nh\u00e2n v\u1eadt ch\u00ednh<br \/>.Designed and authorized by Brick Artisan, the MOC-92758 Winter Cabin building model features an original design and realistic interior parts. Modified and reviewed many times, the product maximizes the appearance of the scene, which is designed with reasonable structure, firm&amp;incredible building, along with unique design and color matching for superior ornamental and collection value.<br \/>.With a total of 1400 premium quality particles in accurate color consistent with the parts of mainstream building blocks brands, the blocks are built with durable and sturdy holistic buildings for an impressive feel and easy disassembly. The various packages of cost-effective parts classified into types are capable of saving time in collecting parts and money on purchase for building block enthusiasts.<\/div>\n<div><\/div>","protected":false},"excerpt":{"rendered":"<p>Th\u01b0\u01a1ng hi\u1ec7u: Nh\u00e0 m\u00e1y M\u1ed8C<br \/>\nGi\u1edbi t\u00ednh: Unisex<br \/>\n\u0110\u1ed9 tu\u1ed5i: &gt; 14 tu\u1ed5i<br \/>\nModel Number: 92758<br \/>\nPh\u00e2n lo\u1ea1i: T\u1eadp h\u1ee3p<br \/>\nH\u00ecnh d\u1ea1ng kh\u1ed1i nh\u1ef1a: G\u1ea1ch t\u1ef1 kh\u00f3a<br \/>\nCh\u1ea5t li\u1ec7u: Nh\u1ef1a<br \/>\nLo\u1ea1i nh\u1ef1a: ABS<br \/>\nBricks Blocks: 1004 +<br \/>\nKh\u00f4ng c\u00f3 h\u1ed9p<\/p>","protected":false},"featured_media":63553,"comment_status":"open","ping_status":"closed","template":"","meta":{"_acf_changed":false},"product_cat":[1395,390],"product_tag":[727,10138,12522,392,3012,10511],"class_list":["product","first","instock","shipping-taxable","purchasable","product-type-simple"],"acf":[],"_links":{"self":[{"href":"https:\/\/mouldking.store\/vi\/wp-json\/wp\/v2\/product\/63554","targetHints":{"allow":["GET"]}}],"collection":[{"href":"https:\/\/mouldking.store\/vi\/wp-json\/wp\/v2\/product"}],"about":[{"href":"https:\/\/mouldking.store\/vi\/wp-json\/wp\/v2\/types\/product"}],"replies":[{"embeddable":true,"href":"https:\/\/mouldking.store\/vi\/wp-json\/wp\/v2\/comments?post=63554"}],"wp:featuredmedia":[{"embeddable":true,"href":"https:\/\/mouldking.store\/vi\/wp-json\/wp\/v2\/media\/63553"}],"wp:attachment":[{"href":"https:\/\/mouldking.store\/vi\/wp-json\/wp\/v2\/media?parent=63554"}],"wp:term":[{"taxonomy":"product_cat","embeddable":true,"href":"https:\/\/mouldking.store\/vi\/wp-json\/wp\/v2\/product_cat?post=63554"},{"taxonomy":"product_tag","embeddable":true,"href":"https:\/\/mouldking.store\/vi\/wp-json\/wp\/v2\/product_tag?post=63554"}],"curies":[{"name":"wp","href":"https:\/\/api.w.org\/{rel}","templated":true}]}}