{"id":63585,"date":"2025-08-07T14:17:04","date_gmt":"2025-08-07T07:17:04","guid":{"rendered":"https:\/\/mouldking.store\/shop\/gobricks-moc-a1734-ghost-mama-pink-palace-apartment-with-1542-pieces\/"},"modified":"2025-12-16T20:58:46","modified_gmt":"2025-12-16T13:58:46","slug":"gobricks-moc-a1734-ghost-mama-pink-palace-apartment-with-1542-pieces","status":"publish","type":"product","link":"https:\/\/mouldking.store\/vi\/shop\/gobricks-moc-a1734-ghost-mama-pink-palace-apartment-with-1542-pieces\/","title":{"rendered":"Gobricks MOC A1734 Ghost Mama &#8211; Pink Palace Apartment with 1542 Pieces"},"content":{"rendered":"<div>\u2705 GOBRICKS MOC A1734 Ghost Mama &#8211; Pink Palace Apartment<\/p>\n<\/div>\n<div>\u2705The GOBRICKS MOC A1734 &#8220;Ghost Mama &#8211; Pink Palace Apartment&#8221; is a building block set that recreates the iconic Pink Palace Apartments from the animated film &#8220;Coraline.&#8221; This set is a &#8220;My Own Creation&#8221; (MOC), meaning it&#8217;s a fan-designed model, but it is sold using high-quality bricks from the GoBricks brand.<\/p>\n<\/div>\n<div>\ud83d\udeab QUAN TR\u1eccNG!<\/p>\n<\/div>\n<div>Product Name: Ghost Mama &#8211; Pink Palace Apartment<\/p>\n<\/div>\n<div>Danh m\u1ee5c: T\u00f2a nh\u00e0 m\u00f4-\u0111un<\/p>\n<\/div>\n<div>This Kit Contains: GOBRICKS MOC A1734<\/p>\n<\/div>\n<div>1542 pcs Good Quality Bricks<\/p>\n<\/div>\n<div>Size: 35.2&#215;18.4&#215;32.2cm<\/div>\n<div><\/div>\n<div>H\u01b0\u1edbng d\u1eabn th\u1ee7 c\u00f4ng<\/p>\n<\/div>\n<div>\ud83d\udcccB\u1ea3n ch\u1ea5t c\u1ee7a nh\u00e2n v\u1eadt ch\u00ednh<br \/><strong>Model:<\/strong> It&#8217;s a detailed architectural model of the Pink Palace Apartments, known for its distinctive pink color and spooky, old-fashioned aesthetic. The set is designed to capture the unique look and feel of the house from the movie.<\/div>\n<div><strong>Piece Count:<\/strong> The set is quite substantial, with a piece count of around 1,542 pieces. This allows for a high level of detail in the building&#8217;s facade, windows, and other architectural elements.<\/div>\n<div><\/div>\n<div><\/div>","protected":false},"excerpt":{"rendered":"<p>Brand: Gobricks<br \/>\nGi\u1edbi t\u00ednh: Unisex<br \/>\n\u0110\u1ed9 tu\u1ed5i: &gt; 12 tu\u1ed5i<br \/>\nModel Number: MOC A1734<br \/>\nPh\u00e2n lo\u1ea1i: T\u1eadp h\u1ee3p<br \/>\nH\u00ecnh d\u1ea1ng kh\u1ed1i nh\u1ef1a: G\u1ea1ch t\u1ef1 kh\u00f3a<br \/>\nCh\u1ea5t li\u1ec7u: Nh\u1ef1a<br \/>\nLo\u1ea1i nh\u1ef1a: ABS<br \/>\nBricks Blocks: 1542 +<br \/>\nKh\u00f4ng c\u00f3 h\u1ed9p<\/p>","protected":false},"featured_media":63584,"comment_status":"open","ping_status":"closed","template":"","meta":{"_acf_changed":false},"product_cat":[1395,390],"product_tag":[11155,727,2964,5679,392,10103],"class_list":["product","first","instock","shipping-taxable","purchasable","product-type-simple"],"acf":[],"_links":{"self":[{"href":"https:\/\/mouldking.store\/vi\/wp-json\/wp\/v2\/product\/63585","targetHints":{"allow":["GET"]}}],"collection":[{"href":"https:\/\/mouldking.store\/vi\/wp-json\/wp\/v2\/product"}],"about":[{"href":"https:\/\/mouldking.store\/vi\/wp-json\/wp\/v2\/types\/product"}],"replies":[{"embeddable":true,"href":"https:\/\/mouldking.store\/vi\/wp-json\/wp\/v2\/comments?post=63585"}],"wp:featuredmedia":[{"embeddable":true,"href":"https:\/\/mouldking.store\/vi\/wp-json\/wp\/v2\/media\/63584"}],"wp:attachment":[{"href":"https:\/\/mouldking.store\/vi\/wp-json\/wp\/v2\/media?parent=63585"}],"wp:term":[{"taxonomy":"product_cat","embeddable":true,"href":"https:\/\/mouldking.store\/vi\/wp-json\/wp\/v2\/product_cat?post=63585"},{"taxonomy":"product_tag","embeddable":true,"href":"https:\/\/mouldking.store\/vi\/wp-json\/wp\/v2\/product_tag?post=63585"}],"curies":[{"name":"wp","href":"https:\/\/api.w.org\/{rel}","templated":true}]}}