{"id":63593,"date":"2025-08-07T14:36:50","date_gmt":"2025-08-07T07:36:50","guid":{"rendered":"https:\/\/mouldking.store\/shop\/moc-factory-f-c9987-halloween-haunted-house-with-1196-pieces\/"},"modified":"2025-12-16T20:58:46","modified_gmt":"2025-12-16T13:58:46","slug":"moc-factory-f-c9987-halloween-haunted-house-with-1196-pieces","status":"publish","type":"product","link":"https:\/\/mouldking.store\/vi\/shop\/moc-factory-f-c9987-halloween-haunted-house-with-1196-pieces\/","title":{"rendered":"MOC Factory F-C9987 Halloween Haunted House with 1196 Pieces"},"content":{"rendered":"<div>\u2705 MOC F-C9987 Halloween Haunted House<\/p>\n<\/div>\n<div>\u2705 The MOC F-C9987 Halloween Haunted House is a building block set that allows you to create a detailed and spooky haunted house model. As an MOC, or &#8220;My Own Creation,&#8221; it&#8217;s a fan-designed model that is licensed and sold by various third-party building block brands.<\/p>\n<\/div>\n<div>\ud83d\udeab QUAN TR\u1eccNG!<\/p>\n<\/div>\n<div>Product Name: Halloween Haunted House<\/p>\n<\/div>\n<div>Danh m\u1ee5c: T\u00f2a nh\u00e0 m\u00f4-\u0111un<\/p>\n<\/div>\n<div>This Kit Contains: MOC F-C9987<\/p>\n<\/div>\n<div>1196 pcs Good Quality Bricks<\/p>\n<\/div>\n<div>Size: 10.7&#215;7.6&#215;13.1<\/div>\n<div><\/div>\n<div>H\u01b0\u1edbng d\u1eabn PDF<\/p>\n<\/div>\n<div>\ud83d\udcccB\u1ea3n ch\u1ea5t c\u1ee7a nh\u00e2n v\u1eadt ch\u00ednh<br \/>The set is a haunted house model designed in a two-story, courtyard style. It&#8217;s filled with classic Halloween elements like pumpkins, ghosts, crows, spider webs, and tombstones to create a chilling atmosphere. Some versions of the set also include a lighting kit to add a spooky, dramatic effect.<\/div>\n<div><\/div>","protected":false},"excerpt":{"rendered":"<p>Th\u01b0\u01a1ng hi\u1ec7u: Nh\u00e0 m\u00e1y M\u1ed8C<br \/>\nGi\u1edbi t\u00ednh: Unisex<br \/>\nAge Range: &gt; 7 years old<br \/>\nModel Number: F-C9987<br \/>\nPh\u00e2n lo\u1ea1i: T\u1eadp h\u1ee3p<br \/>\nH\u00ecnh d\u1ea1ng kh\u1ed1i nh\u1ef1a: G\u1ea1ch t\u1ef1 kh\u00f3a<br \/>\nCh\u1ea5t li\u1ec7u: Nh\u1ef1a<br \/>\nLo\u1ea1i nh\u1ef1a: ABS<br \/>\nBricks Blocks: 1196 +<br \/>\nKh\u00f4ng c\u00f3 h\u1ed9p<\/p>","protected":false},"featured_media":63592,"comment_status":"open","ping_status":"closed","template":"","meta":{"_acf_changed":false},"product_cat":[1395,390],"product_tag":[727,2859,2318,13814,12522,5679,392],"class_list":["product","first","instock","shipping-taxable","purchasable","product-type-simple"],"acf":[],"_links":{"self":[{"href":"https:\/\/mouldking.store\/vi\/wp-json\/wp\/v2\/product\/63593","targetHints":{"allow":["GET"]}}],"collection":[{"href":"https:\/\/mouldking.store\/vi\/wp-json\/wp\/v2\/product"}],"about":[{"href":"https:\/\/mouldking.store\/vi\/wp-json\/wp\/v2\/types\/product"}],"replies":[{"embeddable":true,"href":"https:\/\/mouldking.store\/vi\/wp-json\/wp\/v2\/comments?post=63593"}],"wp:featuredmedia":[{"embeddable":true,"href":"https:\/\/mouldking.store\/vi\/wp-json\/wp\/v2\/media\/63592"}],"wp:attachment":[{"href":"https:\/\/mouldking.store\/vi\/wp-json\/wp\/v2\/media?parent=63593"}],"wp:term":[{"taxonomy":"product_cat","embeddable":true,"href":"https:\/\/mouldking.store\/vi\/wp-json\/wp\/v2\/product_cat?post=63593"},{"taxonomy":"product_tag","embeddable":true,"href":"https:\/\/mouldking.store\/vi\/wp-json\/wp\/v2\/product_tag?post=63593"}],"curies":[{"name":"wp","href":"https:\/\/api.w.org\/{rel}","templated":true}]}}