{"id":63631,"date":"2025-08-08T15:38:27","date_gmt":"2025-08-08T08:38:27","guid":{"rendered":"https:\/\/mouldking.store\/shop\/moc-factory-169060-berliner-dom-cathedral-with-71407-pieces\/"},"modified":"2025-12-16T20:58:44","modified_gmt":"2025-12-16T13:58:44","slug":"moc-factory-169060-berliner-dom-cathedral-with-71407-pieces","status":"publish","type":"product","link":"https:\/\/mouldking.store\/vi\/shop\/moc-factory-169060-berliner-dom-cathedral-with-71407-pieces\/","title":{"rendered":"MOC Factory 169060 Berliner Dom Cathedral with 71407 Pieces"},"content":{"rendered":"<div>\u2705 MOC-169060 Berliner Dom Cathedral<\/p>\n<\/div>\n<div>\u2705The MOC-169060 Berliner Dom Cathedral is an extraordinary and massive custom building block set.&nbsp;<\/p>\n<\/div>\n<div>\ud83d\udeab QUAN TR\u1eccNG!<\/p>\n<\/div>\n<div>Product Name: Berliner Dom Cathedral<\/p>\n<\/div>\n<div>Danh m\u1ee5c: T\u00f2a nh\u00e0 m\u00f4-\u0111un<\/p>\n<\/div>\n<div>This Kit Contains: MOC-169060<\/p>\n<\/div>\n<div>71407 pcs Good Quality Bricks<\/p>\n<\/div>\n<div>Size:&nbsp; 115cm, 115cm, 100cm<\/p>\n<\/div>\n<div>Weight:71407<\/p>\n<\/div>\n<div>H\u01b0\u1edbng d\u1eabn PDF<\/p>\n<\/div>\n<div>\ud83d\udcccB\u1ea3n ch\u1ea5t c\u1ee7a nh\u00e2n v\u1eadt ch\u00ednh<\/div>\n<div>The set is a faithful recreation of the real-life Berlin Cathedral, a prominent and historical landmark in Germany. Its massive piece count allows for incredible detail and scale. The model measures approximately <strong>115 x 115 x 100 cm<\/strong> when completed, making it a monumental display piece.<\/div>","protected":false},"excerpt":{"rendered":"<p>Th\u01b0\u01a1ng hi\u1ec7u: Nh\u00e0 m\u00e1y M\u1ed8C<br \/>\nGi\u1edbi t\u00ednh: Unisex<br \/>\n\u0110\u1ed9 tu\u1ed5i: &gt; 16 tu\u1ed5i<br \/>\nModel Number: 169060<br \/>\nPh\u00e2n lo\u1ea1i: T\u1eadp h\u1ee3p<br \/>\nH\u00ecnh d\u1ea1ng kh\u1ed1i nh\u1ef1a: G\u1ea1ch t\u1ef1 kh\u00f3a<br \/>\nCh\u1ea5t li\u1ec7u: Nh\u1ef1a<br \/>\nLo\u1ea1i nh\u1ef1a: ABS<br \/>\nBricks Blocks: 71407 +<br \/>\nKh\u00f4ng c\u00f3 h\u1ed9p<\/p>","protected":false},"featured_media":63630,"comment_status":"open","ping_status":"closed","template":"","meta":{"_acf_changed":false},"product_cat":[1395,390],"product_tag":[12893,1604,727,5679,392],"class_list":["product","first","instock","shipping-taxable","purchasable","product-type-simple"],"acf":[],"_links":{"self":[{"href":"https:\/\/mouldking.store\/vi\/wp-json\/wp\/v2\/product\/63631","targetHints":{"allow":["GET"]}}],"collection":[{"href":"https:\/\/mouldking.store\/vi\/wp-json\/wp\/v2\/product"}],"about":[{"href":"https:\/\/mouldking.store\/vi\/wp-json\/wp\/v2\/types\/product"}],"replies":[{"embeddable":true,"href":"https:\/\/mouldking.store\/vi\/wp-json\/wp\/v2\/comments?post=63631"}],"wp:featuredmedia":[{"embeddable":true,"href":"https:\/\/mouldking.store\/vi\/wp-json\/wp\/v2\/media\/63630"}],"wp:attachment":[{"href":"https:\/\/mouldking.store\/vi\/wp-json\/wp\/v2\/media?parent=63631"}],"wp:term":[{"taxonomy":"product_cat","embeddable":true,"href":"https:\/\/mouldking.store\/vi\/wp-json\/wp\/v2\/product_cat?post=63631"},{"taxonomy":"product_tag","embeddable":true,"href":"https:\/\/mouldking.store\/vi\/wp-json\/wp\/v2\/product_tag?post=63631"}],"curies":[{"name":"wp","href":"https:\/\/api.w.org\/{rel}","templated":true}]}}