{"id":63685,"date":"2025-08-12T17:00:32","date_gmt":"2025-08-12T10:00:32","guid":{"rendered":"https:\/\/mouldking.store\/shop\/xbert-66056-ashlefs-2-story-house-with-2284-pieces\/"},"modified":"2025-08-12T17:00:47","modified_gmt":"2025-08-12T10:00:47","slug":"xbert-66056-ashlefs-2-story-house-with-2284-pieces","status":"publish","type":"product","link":"https:\/\/mouldking.store\/vi\/shop\/xbert-66056-ashlefs-2-story-house-with-2284-pieces\/","title":{"rendered":"Xbert 66056 Ashlef&#8217;s 2-Story House with 2284 Pieces"},"content":{"rendered":"<div>\u2705 Xbert 66056 Ashlef&#8217;s 2-Story House<\/p>\n<\/div>\n<div>\u2705 The Xbert 66056 Ashlef&#8217;s 2-Story House is a building block set that is part of a larger series of modular buildings from the third-party brand Xbert<\/p>\n<\/div>\n<div>\ud83d\udeab QUAN TR\u1eccNG!<\/p>\n<\/div>\n<div>Product Name: Ashlef&#8217;s 2-Story House&nbsp;<\/p>\n<\/div>\n<div>Danh m\u1ee5c: T\u00f2a nh\u00e0 m\u00f4-\u0111un<\/p>\n<\/div>\n<div>This Kit Contains: Xbert 66056&nbsp;<\/p>\n<\/div>\n<div>2284 pcs Good Quality Bricks<\/p>\n<\/div>\n<div>Size: 20.9&#215;21.2cm<\/div>\n<div><\/div>\n<div>H\u01b0\u1edbng d\u1eabn th\u1ee7 c\u00f4ng&nbsp;<\/p>\n<\/div>\n<div>\ud83d\udcccB\u1ea3n ch\u1ea5t c\u1ee7a nh\u00e2n v\u1eadt ch\u00ednh<br \/><strong>Design and Theme:<\/strong> The set is a two-story residential house designed in a &#8220;street view&#8221; or &#8220;modular building&#8221; style. It has a charming, vintage feel and is known for its intricate detailing, both on the exterior and interior.<\/div>\n<div><strong>Piece Count:<\/strong> The set contains a significant number of bricks, with a reported count of around 2,248 to 2,284 pieces. This indicates a substantial and engaging build that will likely take a decent amount of time to complete.<\/div>\n<div><\/div>","protected":false},"excerpt":{"rendered":"<p>Brand: Xbert<br \/>\nGi\u1edbi t\u00ednh: Unisex<br \/>\n\u0110\u1ed9 tu\u1ed5i: &gt; 6 tu\u1ed5i<br \/>\nModel Number: 66056<br \/>\nPh\u00e2n lo\u1ea1i: T\u1eadp h\u1ee3p<br \/>\nH\u00ecnh d\u1ea1ng kh\u1ed1i nh\u1ef1a: G\u1ea1ch t\u1ef1 kh\u00f3a<br \/>\nCh\u1ea5t li\u1ec7u: Nh\u1ef1a<br \/>\nLo\u1ea1i nh\u1ef1a: ABS<br \/>\nBricks Blocks: 2284 +<br \/>\nKh\u00f4ng c\u00f3 h\u1ed9p<\/p>","protected":false},"featured_media":63684,"comment_status":"open","ping_status":"closed","template":"","meta":{"_acf_changed":false},"product_cat":[1395,390],"product_tag":[727,13819,5679,392],"class_list":["product","first","instock","shipping-taxable","purchasable","product-type-simple"],"acf":[],"_links":{"self":[{"href":"https:\/\/mouldking.store\/vi\/wp-json\/wp\/v2\/product\/63685","targetHints":{"allow":["GET"]}}],"collection":[{"href":"https:\/\/mouldking.store\/vi\/wp-json\/wp\/v2\/product"}],"about":[{"href":"https:\/\/mouldking.store\/vi\/wp-json\/wp\/v2\/types\/product"}],"replies":[{"embeddable":true,"href":"https:\/\/mouldking.store\/vi\/wp-json\/wp\/v2\/comments?post=63685"}],"wp:featuredmedia":[{"embeddable":true,"href":"https:\/\/mouldking.store\/vi\/wp-json\/wp\/v2\/media\/63684"}],"wp:attachment":[{"href":"https:\/\/mouldking.store\/vi\/wp-json\/wp\/v2\/media?parent=63685"}],"wp:term":[{"taxonomy":"product_cat","embeddable":true,"href":"https:\/\/mouldking.store\/vi\/wp-json\/wp\/v2\/product_cat?post=63685"},{"taxonomy":"product_tag","embeddable":true,"href":"https:\/\/mouldking.store\/vi\/wp-json\/wp\/v2\/product_tag?post=63685"}],"curies":[{"name":"wp","href":"https:\/\/api.w.org\/{rel}","templated":true}]}}