{"id":63693,"date":"2025-08-12T17:38:12","date_gmt":"2025-08-12T10:38:12","guid":{"rendered":"https:\/\/mouldking.store\/shop\/mork-10213-the-lambda-house-with-3836-pieces\/"},"modified":"2025-08-12T17:38:24","modified_gmt":"2025-08-12T10:38:24","slug":"mork-10213-the-lambda-house-with-3836-pieces","status":"publish","type":"product","link":"https:\/\/mouldking.store\/vi\/shop\/mork-10213-the-lambda-house-with-3836-pieces\/","title":{"rendered":"MORK 10213 The Lambda House with 3836 Pieces"},"content":{"rendered":"<div>\u2705 Mork 10213 The Lambda House<\/p>\n<\/div>\n<div>\u2705 The Mork 10213 The Lambda House is a large and detailed modular building block set that has a modern architectural theme, which sets it apart from many other retro-styled or classic modular buildings.<\/p>\n<\/div>\n<div>\ud83d\udeab QUAN TR\u1eccNG!<\/p>\n<\/div>\n<div>Product Name: The Lambda House<\/p>\n<\/div>\n<div>Danh m\u1ee5c: T\u00f2a nh\u00e0 m\u00f4-\u0111un<\/p>\n<\/div>\n<div>This Kit Contains: Mork 10213<\/p>\n<\/div>\n<div>3836 pcs Good Quality Bricks<\/p>\n<\/div>\n<div>Size:34.5x36x24.5cm<\/div>\n<div><\/div>\n<div>PDF Instructions\/Manual Instructions (S\u1ea3n ph\u1ea9m brand l\u00e0 Manual, Moc l\u00e0 PDF)<\/p>\n<\/div>\n<div>\ud83d\udcccB\u1ea3n ch\u1ea5t c\u1ee7a nh\u00e2n v\u1eadt ch\u00ednh<\/div>\n<div><strong>Theme and Design:<\/strong> The set is a contemporary two-story home, often referred to as a &#8220;Lambda Villa&#8221; or &#8220;Lambda House.&#8221; Its design is characterized by large windows, clean lines, and an open-plan layout, giving it a sleek and modern aesthetic. It&#8217;s a striking departure from the traditional building styles seen in many modular sets. The designer of the original MOC is &#8220;Lysander.&#8221;<\/div>\n<div><strong>Piece Count:<\/strong> The set is quite substantial, with a reported piece count of 3,832. This high number of pieces promises a challenging and rewarding build for enthusiasts.<\/div>","protected":false},"excerpt":{"rendered":"<p>Th\u01b0\u01a1ng hi\u1ec7u: MORK<br \/>\nGi\u1edbi t\u00ednh: Unisex<br \/>\n\u0110\u1ed9 tu\u1ed5i: &gt; 6 tu\u1ed5i<br \/>\nModel Number: 10213<br \/>\nPh\u00e2n lo\u1ea1i: T\u1eadp h\u1ee3p<br \/>\nH\u00ecnh d\u1ea1ng kh\u1ed1i nh\u1ef1a: G\u1ea1ch t\u1ef1 kh\u00f3a<br \/>\nCh\u1ea5t li\u1ec7u: Nh\u1ef1a<br \/>\nLo\u1ea1i nh\u1ef1a: ABS<br \/>\nBricks Blocks: 3836 +<br \/>\nKh\u00f4ng c\u00f3 h\u1ed9p<\/p>","protected":false},"featured_media":63692,"comment_status":"open","ping_status":"closed","template":"","meta":{"_acf_changed":false},"product_cat":[1395,390],"product_tag":[727,5679,392],"class_list":["product","first","instock","shipping-taxable","purchasable","product-type-simple"],"acf":[],"_links":{"self":[{"href":"https:\/\/mouldking.store\/vi\/wp-json\/wp\/v2\/product\/63693","targetHints":{"allow":["GET"]}}],"collection":[{"href":"https:\/\/mouldking.store\/vi\/wp-json\/wp\/v2\/product"}],"about":[{"href":"https:\/\/mouldking.store\/vi\/wp-json\/wp\/v2\/types\/product"}],"replies":[{"embeddable":true,"href":"https:\/\/mouldking.store\/vi\/wp-json\/wp\/v2\/comments?post=63693"}],"wp:featuredmedia":[{"embeddable":true,"href":"https:\/\/mouldking.store\/vi\/wp-json\/wp\/v2\/media\/63692"}],"wp:attachment":[{"href":"https:\/\/mouldking.store\/vi\/wp-json\/wp\/v2\/media?parent=63693"}],"wp:term":[{"taxonomy":"product_cat","embeddable":true,"href":"https:\/\/mouldking.store\/vi\/wp-json\/wp\/v2\/product_cat?post=63693"},{"taxonomy":"product_tag","embeddable":true,"href":"https:\/\/mouldking.store\/vi\/wp-json\/wp\/v2\/product_tag?post=63693"}],"curies":[{"name":"wp","href":"https:\/\/api.w.org\/{rel}","templated":true}]}}