{"id":63742,"date":"2025-08-25T14:43:38","date_gmt":"2025-08-25T07:43:38","guid":{"rendered":"https:\/\/mouldking.store\/shop\/cada-c66018-sushi-house-with-1665-pieces\/"},"modified":"2025-08-25T14:43:54","modified_gmt":"2025-08-25T07:43:54","slug":"cada-c66018-sushi-house-with-1665-pieces","status":"publish","type":"product","link":"https:\/\/mouldking.store\/vi\/shop\/cada-c66018-sushi-house-with-1665-pieces\/","title":{"rendered":"CADA C66018 Sushi House with 1665 Pieces"},"content":{"rendered":"<div>\u2705 CADA C66018 Sushi House<\/p>\n<\/div>\n<div>\u2705The <strong>CaDA C66018 Sushi House<\/strong> is a building block set produced by the Chinese company CaDA Bricks. It&#8217;s part of their Japanese Storefront series, and it&#8217;s a popular choice for fans of detailed modular building sets.<\/p>\n<\/div>\n<div>\ud83d\udeab QUAN TR\u1eccNG!<\/p>\n<\/div>\n<div>Product Name: Sushi House<\/p>\n<\/div>\n<div>Danh m\u1ee5c: T\u00f2a nh\u00e0 m\u00f4-\u0111un<\/p>\n<\/div>\n<div>This Kit Contains: CADA C66018&nbsp;<\/p>\n<\/div>\n<div>1665 pcs Good Quality Bricks<\/p>\n<\/div>\n<div>H\u01b0\u1edbng d\u1eabn th\u1ee7 c\u00f4ng&nbsp;<\/p>\n<\/div>\n<div>\ud83d\udcccB\u1ea3n ch\u1ea5t c\u1ee7a nh\u00e2n v\u1eadt ch\u00ednh<br \/><strong>Detailed Exterior:<\/strong> The outside of the building features a graceful sunroof, lush plants at the entrance, a wave-inspired mural, and a &#8220;sushi art&#8221; window.<\/div>\n<div><strong>Detailed Interior:<\/strong> The building has two levels. The first floor is a cozy sushi shop, and the second floor is a bright, tatami-matted room with a bed. The walls are often designed to be opened or removed for easier access to the interior.<\/div>\n<div><strong>Lighting:<\/strong> Many versions of this set come with integrated USB LED lights, which are a popular feature for display sets.<\/div>\n<div><strong>Modularity:<\/strong> Like other sets in CaDA&#8217;s Japanese collection, this set is designed to connect with other buildings in the series, allowing builders to create a cohesive Japanese street scene.<\/div>\n<div><\/div>","protected":false},"excerpt":{"rendered":"<p>Th\u01b0\u01a1ng hi\u1ec7u: CADA<br \/>\nGi\u1edbi t\u00ednh: Unisex<br \/>\n\u0110\u1ed9 tu\u1ed5i: &gt; 6 tu\u1ed5i<br \/>\nModel Number: C66018<br \/>\nPh\u00e2n lo\u1ea1i: T\u1eadp h\u1ee3p<br \/>\nH\u00ecnh d\u1ea1ng kh\u1ed1i nh\u1ef1a: G\u1ea1ch t\u1ef1 kh\u00f3a<br \/>\nCh\u1ea5t li\u1ec7u: Nh\u1ef1a<br \/>\nLo\u1ea1i nh\u1ef1a: ABS<br \/>\nBricks Blocks: 1665 +<br \/>\nKh\u00f4ng c\u00f3 h\u1ed9p<\/p>","protected":false},"featured_media":63741,"comment_status":"open","ping_status":"closed","template":"","meta":{"_acf_changed":false},"product_cat":[1395,390],"product_tag":[5679,392,13822],"class_list":["product","first","instock","shipping-taxable","purchasable","product-type-simple"],"acf":[],"_links":{"self":[{"href":"https:\/\/mouldking.store\/vi\/wp-json\/wp\/v2\/product\/63742","targetHints":{"allow":["GET"]}}],"collection":[{"href":"https:\/\/mouldking.store\/vi\/wp-json\/wp\/v2\/product"}],"about":[{"href":"https:\/\/mouldking.store\/vi\/wp-json\/wp\/v2\/types\/product"}],"replies":[{"embeddable":true,"href":"https:\/\/mouldking.store\/vi\/wp-json\/wp\/v2\/comments?post=63742"}],"wp:featuredmedia":[{"embeddable":true,"href":"https:\/\/mouldking.store\/vi\/wp-json\/wp\/v2\/media\/63741"}],"wp:attachment":[{"href":"https:\/\/mouldking.store\/vi\/wp-json\/wp\/v2\/media?parent=63742"}],"wp:term":[{"taxonomy":"product_cat","embeddable":true,"href":"https:\/\/mouldking.store\/vi\/wp-json\/wp\/v2\/product_cat?post=63742"},{"taxonomy":"product_tag","embeddable":true,"href":"https:\/\/mouldking.store\/vi\/wp-json\/wp\/v2\/product_tag?post=63742"}],"curies":[{"name":"wp","href":"https:\/\/api.w.org\/{rel}","templated":true}]}}