{"id":63747,"date":"2025-08-25T14:58:42","date_gmt":"2025-08-25T07:58:42","guid":{"rendered":"https:\/\/mouldking.store\/shop\/funwhole-f9054-motel-with-1970-pieces\/"},"modified":"2025-08-25T14:58:51","modified_gmt":"2025-08-25T07:58:51","slug":"funwhole-f9054-motel-with-1970-pieces","status":"publish","type":"product","link":"https:\/\/mouldking.store\/vi\/shop\/funwhole-f9054-motel-with-1970-pieces\/","title":{"rendered":"FunWhole F9054 Motel with 1970 Pieces"},"content":{"rendered":"<div>\u2705 FunWhole F9054 Motel<\/p>\n<\/div>\n<div>\u2705The <strong>FunWhole F9054 Motel<\/strong>, officially named the <strong>&#8220;Twilight Motel,&#8221;<\/strong> is a building block set that stands out for its unique theme and integrated lighting system. FunWhole is a brand that specializes in building sets with a focus on pre-installed, high-quality lighting, and this set is a prime example of their work.<\/p>\n<\/div>\n<div>\ud83d\udeab QUAN TR\u1eccNG!<\/p>\n<\/div>\n<div>Product Name: Motel<\/p>\n<\/div>\n<div>Danh m\u1ee5c: T\u00f2a nh\u00e0 m\u00f4-\u0111un<\/p>\n<\/div>\n<div>This Kit Contains: FunWhole F9054&nbsp;<\/p>\n<\/div>\n<div>1970 pcs Good Quality Bricks<\/p>\n<\/div>\n<div>Size: 24.9&#215;45.3&#215;32.1cm<\/div>\n<div><\/div>\n<div>H\u01b0\u1edbng d\u1eabn th\u1ee7 c\u00f4ng&nbsp;<\/p>\n<\/div>\n<div>\ud83d\udcccB\u1ea3n ch\u1ea5t c\u1ee7a nh\u00e2n v\u1eadt ch\u00ednh<\/div>\n<div><strong>Integrated Lighting System:<\/strong> This is the hallmark of FunWhole sets. The F9054 comes with numerous LED lights, including light strips, flashing lights for the bar area, and lights for the large motel sign. The lighting is designed to be a core part of the build, not just an add-on.<\/div>\n<div><strong>Detailed and Playable Interior:<\/strong> The set has a multi-story, modular design, with a detachable third floor for easy access. The interior features a detailed bar with a jukebox and a pool table, as well as multiple motel rooms with furniture and props that evoke a classic road trip feel.<\/div>","protected":false},"excerpt":{"rendered":"<p>Brand: FunWhole<br \/>\nGi\u1edbi t\u00ednh: Unisex<br \/>\n\u0110\u1ed9 tu\u1ed5i: &gt; 6 tu\u1ed5i<br \/>\nModel Number: F9054<br \/>\nPh\u00e2n lo\u1ea1i: T\u1eadp h\u1ee3p<br \/>\nH\u00ecnh d\u1ea1ng kh\u1ed1i nh\u1ef1a: G\u1ea1ch t\u1ef1 kh\u00f3a<br \/>\nCh\u1ea5t li\u1ec7u: Nh\u1ef1a<br \/>\nLo\u1ea1i nh\u1ef1a: ABS<br \/>\nBricks Blocks: 1970 +<br \/>\nKh\u00f4ng c\u00f3 h\u1ed9p<\/p>","protected":false},"featured_media":63746,"comment_status":"open","ping_status":"closed","template":"","meta":{"_acf_changed":false},"product_cat":[1395,390],"product_tag":[727,5679,392],"class_list":["product","first","instock","shipping-taxable","purchasable","product-type-simple"],"acf":[],"_links":{"self":[{"href":"https:\/\/mouldking.store\/vi\/wp-json\/wp\/v2\/product\/63747","targetHints":{"allow":["GET"]}}],"collection":[{"href":"https:\/\/mouldking.store\/vi\/wp-json\/wp\/v2\/product"}],"about":[{"href":"https:\/\/mouldking.store\/vi\/wp-json\/wp\/v2\/types\/product"}],"replies":[{"embeddable":true,"href":"https:\/\/mouldking.store\/vi\/wp-json\/wp\/v2\/comments?post=63747"}],"wp:featuredmedia":[{"embeddable":true,"href":"https:\/\/mouldking.store\/vi\/wp-json\/wp\/v2\/media\/63746"}],"wp:attachment":[{"href":"https:\/\/mouldking.store\/vi\/wp-json\/wp\/v2\/media?parent=63747"}],"wp:term":[{"taxonomy":"product_cat","embeddable":true,"href":"https:\/\/mouldking.store\/vi\/wp-json\/wp\/v2\/product_cat?post=63747"},{"taxonomy":"product_tag","embeddable":true,"href":"https:\/\/mouldking.store\/vi\/wp-json\/wp\/v2\/product_tag?post=63747"}],"curies":[{"name":"wp","href":"https:\/\/api.w.org\/{rel}","templated":true}]}}