{"id":63779,"date":"2025-08-28T12:18:02","date_gmt":"2025-08-28T05:18:02","guid":{"rendered":"https:\/\/mouldking.store\/shop\/funwhole-f9051-american-street-skateboard-shop-with-1573-pieces\/"},"modified":"2025-08-28T12:18:09","modified_gmt":"2025-08-28T05:18:09","slug":"funwhole-f9051-american-street-skateboard-shop-with-1573-pieces","status":"publish","type":"product","link":"https:\/\/mouldking.store\/vi\/shop\/funwhole-f9051-american-street-skateboard-shop-with-1573-pieces\/","title":{"rendered":"FunWhole F9051 American Street: Skateboard Shop with 1573 Pieces"},"content":{"rendered":"<div>\u2705 FunWhole F9051 American Street: Skateboard Shop<\/p>\n<\/div>\n<div>\u2705The FunWhole F9051 Skateboard Shop is a building block set from the &#8220;American Street&#8221; series, which focuses on modern, urban themes with a touch of nostalgia. As with all FunWhole products, a key feature is the integrated lighting system<\/p>\n<\/div>\n<div>\ud83d\udeab QUAN TR\u1eccNG!<\/p>\n<\/div>\n<div>Product Name: American Street: Skateboard Shop<\/p>\n<\/div>\n<div>Danh m\u1ee5c: T\u00f2a nh\u00e0 m\u00f4-\u0111un<\/p>\n<\/div>\n<div>This Kit Contains: FunWhole F9051<\/p>\n<\/div>\n<div>1573 pcs Good Quality Bricks<\/div>\n<div><\/div>\n<div>H\u01b0\u1edbng d\u1eabn th\u1ee7 c\u00f4ng&nbsp;<\/p>\n<\/div>\n<div>\ud83d\udcccB\u1ea3n ch\u1ea5t c\u1ee7a nh\u00e2n v\u1eadt ch\u00ednh<br \/><strong>Theme:<\/strong> The set is a miniature homage to urban freedom and youth culture, specifically the skate scene. The design features a realistic, three-story building with a graffiti-covered exterior and an adjacent small skate park. It is a &#8220;modular building&#8221; meaning it can be connected with other sets in the series.<\/div>\n<div><strong>Lighting:<\/strong> The set includes 8 integrated LED lights and lighting strips. These illuminate the &#8220;Skateboard Shop&#8221; sign, the storefront, and the interiors, creating an authentic street vibe, especially when displayed in the dark.<\/div>\n<div><\/div>","protected":false},"excerpt":{"rendered":"<p>Brand: FunWhole<br \/>\nGi\u1edbi t\u00ednh: Unisex<br \/>\n\u0110\u1ed9 tu\u1ed5i: &gt; 6 tu\u1ed5i<br \/>\nModel Number: F9051<br \/>\nPh\u00e2n lo\u1ea1i: T\u1eadp h\u1ee3p<br \/>\nH\u00ecnh d\u1ea1ng kh\u1ed1i nh\u1ef1a: G\u1ea1ch t\u1ef1 kh\u00f3a<br \/>\nCh\u1ea5t li\u1ec7u: Nh\u1ef1a<br \/>\nLo\u1ea1i nh\u1ef1a: ABS<br \/>\nBricks Blocks: 1573 +<br \/>\nKh\u00f4ng c\u00f3 h\u1ed9p<\/p>","protected":false},"featured_media":63778,"comment_status":"open","ping_status":"closed","template":"","meta":{"_acf_changed":false},"product_cat":[1395,390],"product_tag":[13826,727,5679,392,13827],"class_list":["product","first","instock","shipping-taxable","purchasable","product-type-simple"],"acf":[],"_links":{"self":[{"href":"https:\/\/mouldking.store\/vi\/wp-json\/wp\/v2\/product\/63779","targetHints":{"allow":["GET"]}}],"collection":[{"href":"https:\/\/mouldking.store\/vi\/wp-json\/wp\/v2\/product"}],"about":[{"href":"https:\/\/mouldking.store\/vi\/wp-json\/wp\/v2\/types\/product"}],"replies":[{"embeddable":true,"href":"https:\/\/mouldking.store\/vi\/wp-json\/wp\/v2\/comments?post=63779"}],"wp:featuredmedia":[{"embeddable":true,"href":"https:\/\/mouldking.store\/vi\/wp-json\/wp\/v2\/media\/63778"}],"wp:attachment":[{"href":"https:\/\/mouldking.store\/vi\/wp-json\/wp\/v2\/media?parent=63779"}],"wp:term":[{"taxonomy":"product_cat","embeddable":true,"href":"https:\/\/mouldking.store\/vi\/wp-json\/wp\/v2\/product_cat?post=63779"},{"taxonomy":"product_tag","embeddable":true,"href":"https:\/\/mouldking.store\/vi\/wp-json\/wp\/v2\/product_tag?post=63779"}],"curies":[{"name":"wp","href":"https:\/\/api.w.org\/{rel}","templated":true}]}}