{"id":63809,"date":"2025-09-03T17:38:42","date_gmt":"2025-09-03T10:38:42","guid":{"rendered":"https:\/\/mouldking.store\/shop\/funwhole-f9033-antique-store-with-2847-pieces\/"},"modified":"2025-09-03T17:38:50","modified_gmt":"2025-09-03T10:38:50","slug":"funwhole-f9033-antique-store-with-2847-pieces","status":"publish","type":"product","link":"https:\/\/mouldking.store\/vi\/shop\/funwhole-f9033-antique-store-with-2847-pieces\/","title":{"rendered":"FunWhole F9033 Antique Store with 2847 Pieces"},"content":{"rendered":"<div>\u2705 FunWhole F9033 Antique Store<\/p>\n<\/div>\n<div>\u2705 The FunWhole F9033 Antique Store is a building block set designed as a modular building, complete with a built-in lighting system. It is a popular choice among building block enthusiasts for its detailed design, quality, and integrated lighting.<\/p>\n<\/div>\n<div>\ud83d\udeab QUAN TR\u1eccNG!<\/p>\n<\/div>\n<div>Product Name: Antique Store<\/p>\n<\/div>\n<div>Danh m\u1ee5c: T\u00f2a nh\u00e0 m\u00f4-\u0111un<\/p>\n<\/div>\n<div>This Kit Contains: FunWhole F9033<\/p>\n<\/div>\n<div>2847 pcs Good Quality Bricks<\/p>\n<\/div>\n<div>Size: 26.4&#215;26.7x39cm<\/p>\n<\/div>\n<div>H\u01b0\u1edbng d\u1eabn th\u1ee7 c\u00f4ng&nbsp;<\/p>\n<\/div>\n<div>\ud83d\udcccB\u1ea3n ch\u1ea5t c\u1ee7a nh\u00e2n v\u1eadt ch\u00ednh<br \/><strong>Integrated Lighting:<\/strong> A defining feature of FunWhole sets, the F9033 includes 13 LEDs and a concealed wiring system. The lighting is designed to be integrated into the build, making it a cohesive part of the final model. It can be powered by either a battery pack or a USB mains connection (batteries not included).<\/div>\n<div><strong>No Stickers:<\/strong> A significant selling point for many builders is that all decorated pieces are printed, with no stickers required.<\/div>\n<div><strong>Modular Compatibility:<\/strong> The set is built on a standard 32&#215;32 baseplate, making it compatible with other modular building sets from various brands<\/div>\n<div><\/div>","protected":false},"excerpt":{"rendered":"<p>Brand: FunWhole<br \/>\nGi\u1edbi t\u00ednh: Unisex<br \/>\n\u0110\u1ed9 tu\u1ed5i: &gt; 6 tu\u1ed5i<br \/>\nModel Number: F9033<br \/>\nPh\u00e2n lo\u1ea1i: T\u1eadp h\u1ee3p<br \/>\nH\u00ecnh d\u1ea1ng kh\u1ed1i nh\u1ef1a: G\u1ea1ch t\u1ef1 kh\u00f3a<br \/>\nCh\u1ea5t li\u1ec7u: Nh\u1ef1a<br \/>\nLo\u1ea1i nh\u1ef1a: ABS<br \/>\nBricks Blocks: 2847 +<br \/>\nKh\u00f4ng c\u00f3 h\u1ed9p<\/p>","protected":false},"featured_media":63808,"comment_status":"open","ping_status":"closed","template":"","meta":{"_acf_changed":false},"product_cat":[1395,390],"product_tag":[13222,5679,392],"class_list":["product","first","instock","shipping-taxable","purchasable","product-type-simple"],"acf":[],"_links":{"self":[{"href":"https:\/\/mouldking.store\/vi\/wp-json\/wp\/v2\/product\/63809","targetHints":{"allow":["GET"]}}],"collection":[{"href":"https:\/\/mouldking.store\/vi\/wp-json\/wp\/v2\/product"}],"about":[{"href":"https:\/\/mouldking.store\/vi\/wp-json\/wp\/v2\/types\/product"}],"replies":[{"embeddable":true,"href":"https:\/\/mouldking.store\/vi\/wp-json\/wp\/v2\/comments?post=63809"}],"wp:featuredmedia":[{"embeddable":true,"href":"https:\/\/mouldking.store\/vi\/wp-json\/wp\/v2\/media\/63808"}],"wp:attachment":[{"href":"https:\/\/mouldking.store\/vi\/wp-json\/wp\/v2\/media?parent=63809"}],"wp:term":[{"taxonomy":"product_cat","embeddable":true,"href":"https:\/\/mouldking.store\/vi\/wp-json\/wp\/v2\/product_cat?post=63809"},{"taxonomy":"product_tag","embeddable":true,"href":"https:\/\/mouldking.store\/vi\/wp-json\/wp\/v2\/product_tag?post=63809"}],"curies":[{"name":"wp","href":"https:\/\/api.w.org\/{rel}","templated":true}]}}