{"id":63821,"date":"2025-09-04T15:11:41","date_gmt":"2025-09-04T08:11:41","guid":{"rendered":"https:\/\/mouldking.store\/shop\/gobricks-187445-market-hall-with-1558-pieces\/"},"modified":"2025-09-04T15:11:51","modified_gmt":"2025-09-04T08:11:51","slug":"gobricks-187445-market-hall-with-1558-pieces","status":"publish","type":"product","link":"https:\/\/mouldking.store\/vi\/shop\/gobricks-187445-market-hall-with-1558-pieces\/","title":{"rendered":"Gobricks 187445 Market Hall with 1558 Pieces"},"content":{"rendered":"<div>\u2705 GOBRICKS MOC 187445 Market Hall<\/p>\n<\/div>\n<div>\u2705The GOBRICKS MOC 187445 Market Hall is a building block set based on a fan-designed MOC (My Own Creation) by a creator named SylvainLS<\/p>\n<\/div>\n<div>\ud83d\udeab QUAN TR\u1eccNG!<\/p>\n<\/div>\n<div>Product Name: Market Hall<\/p>\n<\/div>\n<div>Danh m\u1ee5c: T\u00f2a nh\u00e0 m\u00f4-\u0111un<\/p>\n<\/div>\n<div>This Kit Contains: GOBRICKS MOC 187445<\/p>\n<\/div>\n<div>1558 pcs Good Quality Bricks<\/p>\n<\/div>\n<div>Size: 17.4&#215;25.6&#215;25.6cm<\/div>\n<div><\/div>\n<div>H\u01b0\u1edbng d\u1eabn th\u1ee7 c\u00f4ng&nbsp;<\/p>\n<\/div>\n<div>\ud83d\udcccB\u1ea3n ch\u1ea5t c\u1ee7a nh\u00e2n v\u1eadt ch\u00ednh<br \/><strong>Design:<\/strong> The MOC is a modular building of a market hall. It&#8217;s designed in a Belle \u00c9poque style and includes details to represent a market that can also be used for other events.<\/div>\n<div><strong>Parts:<\/strong> The set contains approximately 1,558 parts, with a high percentage being genuine GOBRICKS brand bricks.<\/div>\n<div><strong>Availability:<\/strong> You can find this set on various online retailers that specialize in alternative brick brands, such as AliExpress and YourWobb.<\/div>\n<div><\/div>","protected":false},"excerpt":{"rendered":"<p>Brand: Gobricks<br \/>\nGi\u1edbi t\u00ednh: Unisex<br \/>\n\u0110\u1ed9 tu\u1ed5i: &gt; 12 tu\u1ed5i<br \/>\nModel Number: 187445<br \/>\nPh\u00e2n lo\u1ea1i: T\u1eadp h\u1ee3p<br \/>\nH\u00ecnh d\u1ea1ng kh\u1ed1i nh\u1ef1a: G\u1ea1ch t\u1ef1 kh\u00f3a<br \/>\nCh\u1ea5t li\u1ec7u: Nh\u1ef1a<br \/>\nLo\u1ea1i nh\u1ef1a: ABS<br \/>\nBricks Blocks: 1558 +<br \/>\nKh\u00f4ng c\u00f3 h\u1ed9p<\/p>","protected":false},"featured_media":63820,"comment_status":"open","ping_status":"closed","template":"","meta":{"_acf_changed":false},"product_cat":[1395,390],"product_tag":[13833,3450,5679,392],"class_list":["product","first","instock","shipping-taxable","purchasable","product-type-simple"],"acf":[],"_links":{"self":[{"href":"https:\/\/mouldking.store\/vi\/wp-json\/wp\/v2\/product\/63821","targetHints":{"allow":["GET"]}}],"collection":[{"href":"https:\/\/mouldking.store\/vi\/wp-json\/wp\/v2\/product"}],"about":[{"href":"https:\/\/mouldking.store\/vi\/wp-json\/wp\/v2\/types\/product"}],"replies":[{"embeddable":true,"href":"https:\/\/mouldking.store\/vi\/wp-json\/wp\/v2\/comments?post=63821"}],"wp:featuredmedia":[{"embeddable":true,"href":"https:\/\/mouldking.store\/vi\/wp-json\/wp\/v2\/media\/63820"}],"wp:attachment":[{"href":"https:\/\/mouldking.store\/vi\/wp-json\/wp\/v2\/media?parent=63821"}],"wp:term":[{"taxonomy":"product_cat","embeddable":true,"href":"https:\/\/mouldking.store\/vi\/wp-json\/wp\/v2\/product_cat?post=63821"},{"taxonomy":"product_tag","embeddable":true,"href":"https:\/\/mouldking.store\/vi\/wp-json\/wp\/v2\/product_tag?post=63821"}],"curies":[{"name":"wp","href":"https:\/\/api.w.org\/{rel}","templated":true}]}}