{"id":63834,"date":"2025-09-04T16:25:35","date_gmt":"2025-09-04T09:25:35","guid":{"rendered":"https:\/\/mouldking.store\/shop\/gobricks-148028-modular-springfield-church-with-1896-pieces\/"},"modified":"2025-09-04T16:25:39","modified_gmt":"2025-09-04T09:25:39","slug":"gobricks-148028-modular-springfield-church-with-1896-pieces","status":"publish","type":"product","link":"https:\/\/mouldking.store\/vi\/shop\/gobricks-148028-modular-springfield-church-with-1896-pieces\/","title":{"rendered":"Gobricks 148028 Modular Springfield Church with 1896 Pieces"},"content":{"rendered":"<div>\u2705 GOBRICKS MOC 148028 Modular Springfield Church<\/p>\n<\/div>\n<div>\u2705The GOBRICKS MOC 148028 Modular Springfield Church is a fan-designed building block set based on the church from the popular animated series &#8220;The Simpsons<\/p>\n<\/div>\n<div>\ud83d\udeab QUAN TR\u1eccNG!<\/p>\n<\/div>\n<div>Product Name: Modular Springfield Church<\/p>\n<\/div>\n<div>Danh m\u1ee5c: T\u00f2a nh\u00e0 m\u00f4-\u0111un<\/p>\n<\/div>\n<div>This Kit Contains: GOBRICKS MOC 148028<\/p>\n<\/div>\n<div>1896 pcs Good Quality Bricks<\/p>\n<\/div>\n<div>Size: 26&#215;25.6&#215;25.6cm<\/div>\n<div><\/div>\n<div>H\u01b0\u1edbng d\u1eabn th\u1ee7 c\u00f4ng&nbsp;<\/p>\n<\/div>\n<div>\ud83d\udcccB\u1ea3n ch\u1ea5t c\u1ee7a nh\u00e2n v\u1eadt ch\u00ednh<br \/><strong>Design and Creator:<\/strong> The MOC (My Own Creation) was created by a designer named benbuildslego. It&#8217;s a modular building, which means it can be connected to other sets to form a larger street or city layout. The design is a faithful recreation of the iconic church from the show, capturing its unique architecture and stained-glass windows.<\/div>\n<div><strong>Interior and Features:<\/strong> The interior of the church is highly detailed. It includes six full pews that can each accommodate three minifigures, a pipe organ, and a lectern. These details make the set great for display and for creating scenes from the show. The designer also mentions its compatibility with his other &#8220;Springfield&#8221; MOCs, such as Moe&#8217;s Tavern and Springfield Elementary.<\/div>\n<div><\/div>","protected":false},"excerpt":{"rendered":"<p>Brand: Gobricks<br \/>\nGi\u1edbi t\u00ednh: Unisex<br \/>\n\u0110\u1ed9 tu\u1ed5i: &gt; 12 tu\u1ed5i<br \/>\nModel Number: 148028<br \/>\nPh\u00e2n lo\u1ea1i: T\u1eadp h\u1ee3p<br \/>\nH\u00ecnh d\u1ea1ng kh\u1ed1i nh\u1ef1a: G\u1ea1ch t\u1ef1 kh\u00f3a<br \/>\nCh\u1ea5t li\u1ec7u: Nh\u1ef1a<br \/>\nLo\u1ea1i nh\u1ef1a: ABS<br \/>\nBricks Blocks: 1896 +<br \/>\nKh\u00f4ng c\u00f3 h\u1ed9p<\/p>","protected":false},"featured_media":63833,"comment_status":"open","ping_status":"closed","template":"","meta":{"_acf_changed":false},"product_cat":[1395,390],"product_tag":[5679,392,13834],"class_list":["product","first","instock","shipping-taxable","purchasable","product-type-simple"],"acf":[],"_links":{"self":[{"href":"https:\/\/mouldking.store\/vi\/wp-json\/wp\/v2\/product\/63834","targetHints":{"allow":["GET"]}}],"collection":[{"href":"https:\/\/mouldking.store\/vi\/wp-json\/wp\/v2\/product"}],"about":[{"href":"https:\/\/mouldking.store\/vi\/wp-json\/wp\/v2\/types\/product"}],"replies":[{"embeddable":true,"href":"https:\/\/mouldking.store\/vi\/wp-json\/wp\/v2\/comments?post=63834"}],"wp:featuredmedia":[{"embeddable":true,"href":"https:\/\/mouldking.store\/vi\/wp-json\/wp\/v2\/media\/63833"}],"wp:attachment":[{"href":"https:\/\/mouldking.store\/vi\/wp-json\/wp\/v2\/media?parent=63834"}],"wp:term":[{"taxonomy":"product_cat","embeddable":true,"href":"https:\/\/mouldking.store\/vi\/wp-json\/wp\/v2\/product_cat?post=63834"},{"taxonomy":"product_tag","embeddable":true,"href":"https:\/\/mouldking.store\/vi\/wp-json\/wp\/v2\/product_tag?post=63834"}],"curies":[{"name":"wp","href":"https:\/\/api.w.org\/{rel}","templated":true}]}}