{"id":63850,"date":"2025-09-08T18:05:56","date_gmt":"2025-09-08T11:05:56","guid":{"rendered":"https:\/\/mouldking.store\/shop\/jiestar-89127-the-sushi-corner-with-2662-pieces\/"},"modified":"2025-09-08T18:06:01","modified_gmt":"2025-09-08T11:06:01","slug":"jiestar-89127-the-sushi-corner-with-2662-pieces","status":"publish","type":"product","link":"https:\/\/mouldking.store\/vi\/shop\/jiestar-89127-the-sushi-corner-with-2662-pieces\/","title":{"rendered":"JIESTAR 89127 The Sushi Corner with 2662 Pieces"},"content":{"rendered":"<div>\u2705 JIE STAR 89127 The Sushi Corner<\/p>\n<\/div>\n<div>\u2705The JIE STAR 89127 &#8220;The Sushi Corner&#8221; is a modular building block set designed to be a part of a city street view or a larger modular city display. It&#8217;s produced by the brand JIE STAR, which is known for creating alternative building block sets that are compatible with other major brands.<\/p>\n<\/div>\n<div>\ud83d\udeab QUAN TR\u1eccNG!<\/p>\n<\/div>\n<div>Product Name: The Sushi Corner<\/p>\n<\/div>\n<div>Danh m\u1ee5c: T\u00f2a nh\u00e0 m\u00f4-\u0111un<\/p>\n<\/div>\n<div>This Kit Contains: JIE STAR 89127<\/p>\n<\/div>\n<div>2662 pcs Good Quality Bricks<\/p>\n<\/div>\n<div>Size: 25.5&#215;25.5x30cm<\/div>\n<div><\/div>\n<div>H\u01b0\u1edbng d\u1eabn th\u1ee7 c\u00f4ng<\/p>\n<\/div>\n<div>\ud83d\udcccB\u1ea3n ch\u1ea5t c\u1ee7a nh\u00e2n v\u1eadt ch\u00ednh<br \/><strong>Design:<\/strong> The set depicts a detailed, multi-story sushi restaurant on a corner lot. It&#8217;s known for its intricate design and features, which include a detailed interior with a sushi bar, tables, and a kitchen area, as well as a well-decorated exterior that fits a modern Asian architectural style.<\/div>\n<div><strong>Compatibility:<\/strong> The bricks and components are designed to be compatible with other major building block systems, allowing it to be integrated into an existing modular city display.<\/div>\n<div><\/div>","protected":false},"excerpt":{"rendered":"<p>Th\u01b0\u01a1ng hi\u1ec7u: JIESTAR<br \/>\nGi\u1edbi t\u00ednh: Unisex<br \/>\n\u0110\u1ed9 tu\u1ed5i: &gt; 6 tu\u1ed5i<br \/>\nModel Number: 89127<br \/>\nPh\u00e2n lo\u1ea1i: T\u1eadp h\u1ee3p<br \/>\nH\u00ecnh d\u1ea1ng kh\u1ed1i nh\u1ef1a: G\u1ea1ch t\u1ef1 kh\u00f3a<br \/>\nCh\u1ea5t li\u1ec7u: Nh\u1ef1a<br \/>\nLo\u1ea1i nh\u1ef1a: ABS<br \/>\nBricks Blocks: 2662 +<br \/>\nKh\u00f4ng c\u00f3 h\u1ed9p<\/p>","protected":false},"featured_media":63849,"comment_status":"open","ping_status":"closed","template":"","meta":{"_acf_changed":false},"product_cat":[1395,390],"product_tag":[5679,392,13822],"class_list":["product","first","instock","shipping-taxable","purchasable","product-type-simple"],"acf":[],"_links":{"self":[{"href":"https:\/\/mouldking.store\/vi\/wp-json\/wp\/v2\/product\/63850","targetHints":{"allow":["GET"]}}],"collection":[{"href":"https:\/\/mouldking.store\/vi\/wp-json\/wp\/v2\/product"}],"about":[{"href":"https:\/\/mouldking.store\/vi\/wp-json\/wp\/v2\/types\/product"}],"replies":[{"embeddable":true,"href":"https:\/\/mouldking.store\/vi\/wp-json\/wp\/v2\/comments?post=63850"}],"wp:featuredmedia":[{"embeddable":true,"href":"https:\/\/mouldking.store\/vi\/wp-json\/wp\/v2\/media\/63849"}],"wp:attachment":[{"href":"https:\/\/mouldking.store\/vi\/wp-json\/wp\/v2\/media?parent=63850"}],"wp:term":[{"taxonomy":"product_cat","embeddable":true,"href":"https:\/\/mouldking.store\/vi\/wp-json\/wp\/v2\/product_cat?post=63850"},{"taxonomy":"product_tag","embeddable":true,"href":"https:\/\/mouldking.store\/vi\/wp-json\/wp\/v2\/product_tag?post=63850"}],"curies":[{"name":"wp","href":"https:\/\/api.w.org\/{rel}","templated":true}]}}