{"id":8837,"date":"2021-01-28T09:43:43","date_gmt":"2021-01-28T09:43:43","guid":{"rendered":"https:\/\/mouldking.store\/shop\/mould-king-penumatic-parts\/"},"modified":"2022-04-21T11:07:45","modified_gmt":"2022-04-21T04:07:45","slug":"mould-king-penumatic-parts","status":"publish","type":"product","link":"https:\/\/mouldking.store\/vi\/shop\/mould-king-penumatic-parts\/","title":{"rendered":"KHU\u00d4N KING B\u1ed9 d\u1ee5ng c\u1ee5 x\u00e2y d\u1ef1ng"},"content":{"rendered":"<ul data-v-b8dc535a=\"\" data-mce-fragment=\"1\">\n<li class=\"basicInformation\" data-v-b8dc535a=\"\" data-mce-fragment=\"1\"><span data-mce-fragment=\"1\">Product number: Penumatic Parts<\/span><\/li>\n<\/ul>\n<ul data-mce-fragment=\"1\">\n<li data-mce-fragment=\"1\"><span style=\"color: #ff2a00;\" data-mce-fragment=\"1\"><strong data-mce-fragment=\"1\">\u0110\u1ec3 \u00fd:<\/strong><\/span><\/li>\n<\/ul>\n<ol data-mce-fragment=\"1\">\n<li data-mce-fragment=\"1\"><span style=\"color: #ff2a00;\" data-mce-fragment=\"1\"><strong data-mce-fragment=\"1\">Mould King Penumatic Parts won&#8217;t be shipped seperately, they must be sent\u00a0together with other sets !!<\/strong><\/span><\/li>\n<li data-mce-fragment=\"1\">Kh\u00f4ng c\u00f3 h\u1ed9p ban \u0111\u1ea7u, nh\u01b0ng ch\u00fang t\u00f4i \u0111\u1ea3m b\u1ea3o s\u1ea3n ph\u1ea9m c\u1ee7a ch\u00fang t\u00f4i c\u00f3 ch\u1ea5t l\u01b0\u1ee3ng \u0111\u1ea3m b\u1ea3o v\u00e0 bao b\u00ec \u0111\u1eb9p.<\/li>\n<li data-mce-fragment=\"1\">V\u00ec t\u1ea5t c\u1ea3 c\u00e1c b\u1ed9 ph\u1eadn ch\u00fang t\u00f4i \u0111\u00e3 ki\u1ec3m tra tr\u01b0\u1edbc khi v\u1eadn chuy\u1ec3n, v\u00ec v\u1eady n\u1ebfu b\u1ea1n th\u1ea5y m\u1ed9t s\u1ed1 b\u1ed9 ph\u1eadn b\u1ecb thi\u1ebfu ho\u1eb7c h\u01b0 h\u1ecfng, \u0111\u1eebng lo l\u1eafng v\u00e0 ch\u1ec9 c\u1ea7n li\u00ean h\u1ec7 v\u1edbi ch\u00fang t\u00f4i v\u00e0 ch\u00fang t\u00f4i c\u00f3 th\u1ec3 g\u1eedi l\u1ea1i mi\u1ec5n ph\u00ed cho b\u1ea1n ngay l\u1eadp t\u1ee9c.<\/li>\n<\/ol>","protected":false},"excerpt":{"rendered":"<p>Product number: Penumatic Parts Notice: Mould King Penumatic Parts won&#8217;t be shipped seperately, they must be sent\u00a0together with other sets !! Without original box, but we guarantee our products have quality assurance and nice packaging. As all the parts we have checked before shipping, so if you find some parts missed or damaged, don&#8217;t worry [&hellip;]<\/p>","protected":false},"featured_media":9340,"comment_status":"open","ping_status":"closed","template":"","meta":{"_acf_changed":false},"product_cat":[15],"product_tag":[172,282,166,167],"class_list":["product","first","instock","shipping-taxable","purchasable","product-type-variable"],"acf":[],"_links":{"self":[{"href":"https:\/\/mouldking.store\/vi\/wp-json\/wp\/v2\/product\/8837","targetHints":{"allow":["GET"]}}],"collection":[{"href":"https:\/\/mouldking.store\/vi\/wp-json\/wp\/v2\/product"}],"about":[{"href":"https:\/\/mouldking.store\/vi\/wp-json\/wp\/v2\/types\/product"}],"replies":[{"embeddable":true,"href":"https:\/\/mouldking.store\/vi\/wp-json\/wp\/v2\/comments?post=8837"}],"wp:featuredmedia":[{"embeddable":true,"href":"https:\/\/mouldking.store\/vi\/wp-json\/wp\/v2\/media\/9340"}],"wp:attachment":[{"href":"https:\/\/mouldking.store\/vi\/wp-json\/wp\/v2\/media?parent=8837"}],"wp:term":[{"taxonomy":"product_cat","embeddable":true,"href":"https:\/\/mouldking.store\/vi\/wp-json\/wp\/v2\/product_cat?post=8837"},{"taxonomy":"product_tag","embeddable":true,"href":"https:\/\/mouldking.store\/vi\/wp-json\/wp\/v2\/product_tag?post=8837"}],"curies":[{"name":"wp","href":"https:\/\/api.w.org\/{rel}","templated":true}]}}