{"id":8953,"date":"2021-01-28T09:44:00","date_gmt":"2021-01-28T02:44:00","guid":{"rendered":"https:\/\/mouldking.store\/shop\/mould-king-21001-the-nebuton-model-b\/"},"modified":"2025-12-25T09:28:28","modified_gmt":"2025-12-25T02:28:28","slug":"mould-king-21001-the-nebuton-model-b","status":"publish","type":"product","link":"https:\/\/mouldking.store\/vi\/shop\/mould-king-21001-the-nebuton-model-b\/","title":{"rendered":"MOLD KING 21001 MOC-5083 T\u00e0u khu tr\u1ee5c y t\u1ebf UCS Nebulon-B c\u1ee7a Mortesv v\u1edbi 6388 m\u1ea3nh gh\u00e9p"},"content":{"rendered":"<p><span data-mce-fragment=\"1\">Th\u00f4ng tin s\u1ea3n ph\u1ea9m:<\/span><br data-mce-fragment=\"1\" \/><span data-mce-fragment=\"1\">1. S\u1ed1 m\u00f4 h\u00ecnh: 21001<\/span><br data-mce-fragment=\"1\" \/><span data-mce-fragment=\"1\">2. C\u1ea3nh b\u00e1o: kh\u00f4ng \u0103n \u0111\u01b0\u1ee3c<\/span><br data-mce-fragment=\"1\" \/><span data-mce-fragment=\"1\">3. \u0110\u1ed9 tu\u1ed5i: &gt; 6 tu\u1ed5i<\/span><br data-mce-fragment=\"1\" \/><span data-mce-fragment=\"1\">4. Ch\u1ee9ng nh\u1eadn: 3C<\/span><br data-mce-fragment=\"1\" \/><span data-mce-fragment=\"1\">5. Ph\u00e2n lo\u1ea1i: T\u1eadp h\u1ee3p<\/span><br data-mce-fragment=\"1\" \/><span data-mce-fragment=\"1\">6. H\u00ecnh d\u1ea1ng kh\u1ed1i nh\u1ef1a: G\u1ea1ch t\u1ef1 kh\u00f3a<\/span><br data-mce-fragment=\"1\" \/><span data-mce-fragment=\"1\">7. Ch\u1ea5t li\u1ec7u: Nh\u1ef1a<\/span><br data-mce-fragment=\"1\" \/><span data-mce-fragment=\"1\">8. Lo\u1ea1i nh\u1ef1a: ABS<\/span><br data-mce-fragment=\"1\" \/><span data-mce-fragment=\"1\">9. Kh\u1ed1i g\u1ea1ch: ~6388+PCS<\/span><br data-mce-fragment=\"1\" \/><span data-mce-fragment=\"1\">10. C\u00f3 h\u01b0\u1edbng d\u1eabn l\u1eafp r\u00e1p chi ti\u1ebft<\/span><br data-mce-fragment=\"1\" \/><br data-mce-fragment=\"1\" \/><span data-mce-fragment=\"1\">\u0110\u1ec3 \u00fd:<\/span><br data-mce-fragment=\"1\" \/><span data-mce-fragment=\"1\">1. Kh\u00f4ng c\u00f3 h\u1ed9p ban \u0111\u1ea7u, nh\u01b0ng ch\u00fang t\u00f4i \u0111\u1ea3m b\u1ea3o s\u1ea3n ph\u1ea9m c\u1ee7a ch\u00fang t\u00f4i c\u00f3 ch\u1ea5t l\u01b0\u1ee3ng \u0111\u1ea3m b\u1ea3o v\u00e0 bao b\u00ec \u0111\u1eb9p.<\/span><br data-mce-fragment=\"1\" \/><span data-mce-fragment=\"1\">2. V\u00ec t\u1ea5t c\u1ea3 c\u00e1c b\u1ed9 ph\u1eadn ch\u00fang t\u00f4i \u0111\u00e3 ki\u1ec3m tra tr\u01b0\u1edbc khi v\u1eadn chuy\u1ec3n, v\u00ec v\u1eady n\u1ebfu b\u1ea1n th\u1ea5y m\u1ed9t s\u1ed1 b\u1ed9 ph\u1eadn b\u1ecb thi\u1ebfu ho\u1eb7c h\u01b0 h\u1ecfng, \u0111\u1eebng lo l\u1eafng v\u00e0 ch\u1ec9 c\u1ea7n vui l\u00f2ng li\u00ean h\u1ec7 v\u1edbi ch\u00fang t\u00f4i v\u00e0 ch\u00fang t\u00f4i c\u00f3 th\u1ec3 g\u1eedi l\u1ea1i mi\u1ec5n ph\u00ed cho b\u1ea1n ngay l\u1eadp t\u1ee9c.<\/span><\/p>","protected":false},"excerpt":{"rendered":"<p>Product information:1. Model Number: 210012. Warning: can not eat3. Age Range: &gt; 6 years old4. Certification: 3C5. Classification: Assemblage6. Plastic Block Shape: Self-Locking Bricks7. Material: Plastic8. Plastic Type: ABS9. Bricks Blocks: ~6388+PCS10. Contains detailed assembly instructionsNotice:1. Without original box, but we guarantee our products have quality assurance and nice packaging.2. As all the parts we [&hellip;]<\/p>","protected":false},"featured_media":9427,"comment_status":"open","ping_status":"closed","template":"","meta":{"_acf_changed":false},"product_cat":[415],"product_tag":[1125,1120,4447,428,1121,1122,1123,1124,187,436],"class_list":["product","first","instock","shipping-taxable","purchasable","product-type-simple"],"acf":[],"_links":{"self":[{"href":"https:\/\/mouldking.store\/vi\/wp-json\/wp\/v2\/product\/8953","targetHints":{"allow":["GET"]}}],"collection":[{"href":"https:\/\/mouldking.store\/vi\/wp-json\/wp\/v2\/product"}],"about":[{"href":"https:\/\/mouldking.store\/vi\/wp-json\/wp\/v2\/types\/product"}],"replies":[{"embeddable":true,"href":"https:\/\/mouldking.store\/vi\/wp-json\/wp\/v2\/comments?post=8953"}],"wp:featuredmedia":[{"embeddable":true,"href":"https:\/\/mouldking.store\/vi\/wp-json\/wp\/v2\/media\/9427"}],"wp:attachment":[{"href":"https:\/\/mouldking.store\/vi\/wp-json\/wp\/v2\/media?parent=8953"}],"wp:term":[{"taxonomy":"product_cat","embeddable":true,"href":"https:\/\/mouldking.store\/vi\/wp-json\/wp\/v2\/product_cat?post=8953"},{"taxonomy":"product_tag","embeddable":true,"href":"https:\/\/mouldking.store\/vi\/wp-json\/wp\/v2\/product_tag?post=8953"}],"curies":[{"name":"wp","href":"https:\/\/api.w.org\/{rel}","templated":true}]}}