{"id":9039,"date":"2021-01-28T09:44:22","date_gmt":"2021-01-28T09:44:22","guid":{"rendered":"https:\/\/mouldking.store\/shop\/mould-king-13057s-1-8-linbaoginni-sierne\/"},"modified":"2023-02-07T04:43:37","modified_gmt":"2023-02-06T21:43:37","slug":"mould-king-13057s-1-8-linbaoginni-sierne","status":"publish","type":"product","link":"https:\/\/mouldking.store\/vi\/shop\/mould-king-13057s-1-8-linbaoginni-sierne\/","title":{"rendered":"KHU\u00d4N KING 13057S 1:8 Phi\u00ean b\u1ea3n si\u00eau xanh Lamborghini v\u1edbi 3819 mi\u1ebfng"},"content":{"rendered":"<p>Th\u00f4ng tin s\u1ea3n ph\u1ea9m:<\/p>\n<ol>\n<li>Lo\u1ea1i: Kh\u1ed1i<\/li>\n<li>Gi\u1edbi t\u00ednh: Unisex<\/li>\n<li>C\u1ea3nh b\u00e1o: kh\u00f4ng th\u1ec3 \u0103n<\/li>\n<li>\u0110\u1ed9 tu\u1ed5i: &gt; 6 tu\u1ed5i<\/li>\n<li>S\u1ed1 m\u00f4 h\u00ecnh: 13057S<\/li>\n<li>Ph\u00e2n lo\u1ea1i: T\u1eadp h\u1ee3p<\/li>\n<li>H\u00ecnh d\u1ea1ng kh\u1ed1i nh\u1ef1a: G\u1ea1ch t\u1ef1 kh\u00f3a<\/li>\n<li>Ch\u1ea5t li\u1ec7u: Nh\u1ef1a<\/li>\n<li>Lo\u1ea1i nh\u1ef1a: ABS<\/li>\n<li>Kh\u1ed1i g\u1ea1ch: ~3819+PCS<\/li>\n<li>C\u00f3 h\u01b0\u1edbng d\u1eabn l\u1eafp r\u00e1p chi ti\u1ebft<\/li>\n<li><span style=\"color: #ff2a00;\"><span style=\"color: #000000;\">G\u00f3i b\u1ed9 ph\u1eadn PF \u0111\u01b0\u1ee3c b\u00e1n ri\u00eang, bao g\u1ed3m:\u00a0<\/span><strong>L<\/strong><strong>\u00a0\u0110\u1ed9ng c\u01a1 x1 , \u0110\u1ed9ng c\u01a1 Servo x1, \u0110\u1ed9ng c\u01a1 XL x2, H\u1ed9p pin lithium 2.4G x1, B\u1ed9 \u0111i\u1ec1u khi\u1ec3n 2.4G x1, D\u00e2y n\u1ed1i d\u00e0i \u0111\u1ed9ng c\u01a1 x2<\/strong><\/span><\/li>\n<li><span style=\"color: #ff2a00;\"><strong>li\u00ean k\u1ebft \u1ee9ng d\u1ee5ng<\/strong>: <span style=\"color: #000000;\">n\u1ebfu kh\u00f4ng th\u1ec3 t\u1ea3i \u1ee9ng d\u1ee5ng th\u00f4ng qua m\u00e3 QR, vui l\u00f2ng li\u00ean h\u1ec7 v\u1edbi ng\u01b0\u1eddi b\u00e1n \u0111\u1ec3 t\u1ea3i \u1ee9ng d\u1ee5ng.<\/span><\/span><\/li>\n<\/ol>\n<p>\u0110\u1ec3 \u00fd:<br \/>\n1. Kh\u00f4ng c\u00f3 h\u1ed9p ban \u0111\u1ea7u, nh\u01b0ng ch\u00fang t\u00f4i \u0111\u1ea3m b\u1ea3o s\u1ea3n ph\u1ea9m c\u1ee7a ch\u00fang t\u00f4i c\u00f3 ch\u1ea5t l\u01b0\u1ee3ng \u0111\u1ea3m b\u1ea3o v\u00e0 bao b\u00ec \u0111\u1eb9p.<br \/>\n2. V\u00ec t\u1ea5t c\u1ea3 c\u00e1c b\u1ed9 ph\u1eadn ch\u00fang t\u00f4i \u0111\u00e3 ki\u1ec3m tra tr\u01b0\u1edbc khi v\u1eadn chuy\u1ec3n, v\u00ec v\u1eady n\u1ebfu b\u1ea1n th\u1ea5y m\u1ed9t s\u1ed1 b\u1ed9 ph\u1eadn b\u1ecb thi\u1ebfu ho\u1eb7c h\u01b0 h\u1ecfng, \u0111\u1eebng lo l\u1eafng v\u00e0 ch\u1ec9 c\u1ea7n vui l\u00f2ng li\u00ean h\u1ec7 v\u1edbi ch\u00fang t\u00f4i v\u00e0 ch\u00fang t\u00f4i c\u00f3 th\u1ec3 g\u1eedi l\u1ea1i mi\u1ec5n ph\u00ed cho b\u1ea1n ngay l\u1eadp t\u1ee9c.<\/p>","protected":false},"excerpt":{"rendered":"<p>Product information: Type: Blocks Gender: Unisex Warning: can not eat Age Range: &gt; 6 years old Model Number:\u00a013057S Classification: Assemblage Plastic Block Shape: Self-Locking Bricks Material: Plastic Plastic Type: ABS Bricks Blocks: ~3819+PCS Contains detailed assembly instructions PF parts package are sold seperately, it contain:\u00a0L\u00a0Motor x1 , Servo Motor\u00a0x1, XL\u00a0Motors x2, 2.4G lithium Battery Box [&hellip;]<\/p>","protected":false},"featured_media":9668,"comment_status":"open","ping_status":"closed","template":"","meta":{"_acf_changed":false},"product_cat":[371,364],"product_tag":[598,941,942,943,940,366,166],"class_list":["product","first","instock","sale","shipping-taxable","purchasable","product-type-variable"],"acf":[],"_links":{"self":[{"href":"https:\/\/mouldking.store\/vi\/wp-json\/wp\/v2\/product\/9039","targetHints":{"allow":["GET"]}}],"collection":[{"href":"https:\/\/mouldking.store\/vi\/wp-json\/wp\/v2\/product"}],"about":[{"href":"https:\/\/mouldking.store\/vi\/wp-json\/wp\/v2\/types\/product"}],"replies":[{"embeddable":true,"href":"https:\/\/mouldking.store\/vi\/wp-json\/wp\/v2\/comments?post=9039"}],"wp:featuredmedia":[{"embeddable":true,"href":"https:\/\/mouldking.store\/vi\/wp-json\/wp\/v2\/media\/9668"}],"wp:attachment":[{"href":"https:\/\/mouldking.store\/vi\/wp-json\/wp\/v2\/media?parent=9039"}],"wp:term":[{"taxonomy":"product_cat","embeddable":true,"href":"https:\/\/mouldking.store\/vi\/wp-json\/wp\/v2\/product_cat?post=9039"},{"taxonomy":"product_tag","embeddable":true,"href":"https:\/\/mouldking.store\/vi\/wp-json\/wp\/v2\/product_tag?post=9039"}],"curies":[{"name":"wp","href":"https:\/\/api.w.org\/{rel}","templated":true}]}}