{"id":9111,"date":"2021-01-28T09:44:33","date_gmt":"2021-01-28T02:44:33","guid":{"rendered":"https:\/\/mouldking.store\/shop\/mould-king-21008-trade-federation-battleship\/"},"modified":"2024-04-29T16:21:48","modified_gmt":"2024-04-29T09:21:48","slug":"mould-king-21008-trade-federation-battleship","status":"publish","type":"product","link":"https:\/\/mouldking.store\/vi\/shop\/mould-king-21008-trade-federation-battleship\/","title":{"rendered":"MOLD KING 21008 Lucrehulk Star Control Ship with 3500 Pieces"},"content":{"rendered":"<ul>\n<li>Th\u00f4ng tin s\u1ea3n ph\u1ea9m:<\/li>\n<\/ul>\n<ol>\n<li>Model Number:\u00a021008<\/li>\n<li>C\u1ea3nh b\u00e1o: kh\u00f4ng th\u1ec3 \u0103n<\/li>\n<li>\u0110\u1ed9 tu\u1ed5i: &gt; 12 tu\u1ed5i<\/li>\n<li><span class=\"propery-title\">ch\u1ee9ng nh\u1eadn:\u00a0<\/span><span class=\"propery-des\" title=\"3C\">3C<\/span><\/li>\n<li>Ph\u00e2n lo\u1ea1i: T\u1eadp h\u1ee3p<\/li>\n<li>H\u00ecnh d\u1ea1ng kh\u1ed1i nh\u1ef1a: G\u1ea1ch t\u1ef1 kh\u00f3a<\/li>\n<li>Ch\u1ea5t li\u1ec7u: Nh\u1ef1a<\/li>\n<li>Lo\u1ea1i nh\u1ef1a: ABS<\/li>\n<li>Bricks Blocks: ~3500+PCS<\/li>\n<li>Ch\u1ee9a h\u01b0\u1edbng d\u1eabn<\/li>\n<\/ol>\n<ul>\n<li>\u0110\u1ec3 \u00fd:<\/li>\n<\/ul>\n<ol>\n<li>Kh\u00f4ng c\u00f3 h\u1ed9p ban \u0111\u1ea7u, nh\u01b0ng ch\u00fang t\u00f4i \u0111\u1ea3m b\u1ea3o s\u1ea3n ph\u1ea9m c\u1ee7a ch\u00fang t\u00f4i c\u00f3 ch\u1ea5t l\u01b0\u1ee3ng \u0111\u1ea3m b\u1ea3o v\u00e0 bao b\u00ec \u0111\u1eb9p.<\/li>\n<li>V\u00ec t\u1ea5t c\u1ea3 c\u00e1c b\u1ed9 ph\u1eadn ch\u00fang t\u00f4i \u0111\u00e3 ki\u1ec3m tra tr\u01b0\u1edbc khi v\u1eadn chuy\u1ec3n, v\u00ec v\u1eady n\u1ebfu b\u1ea1n th\u1ea5y m\u1ed9t s\u1ed1 b\u1ed9 ph\u1eadn b\u1ecb thi\u1ebfu ho\u1eb7c h\u01b0 h\u1ecfng, \u0111\u1eebng lo l\u1eafng v\u00e0 ch\u1ec9 c\u1ea7n li\u00ean h\u1ec7 v\u1edbi ch\u00fang t\u00f4i v\u00e0 ch\u00fang t\u00f4i c\u00f3 th\u1ec3 g\u1eedi l\u1ea1i mi\u1ec5n ph\u00ed cho b\u1ea1n ngay l\u1eadp t\u1ee9c.<\/li>\n<\/ol>","protected":false},"excerpt":{"rendered":"<p>Product information: Model Number:\u00a021008 Warning: can not eat Age Range: &gt;\u00a012 years old Certification:\u00a03C Classification: Assemblage Plastic Block Shape: Self-Locking Bricks Material: Plastic Plastic Type: ABS Bricks Blocks: ~3500+PCS Contain instructions Notice: Without original box, but we guarantee our products have quality assurance and nice packaging. As all the parts we have checked before shipping, [&hellip;]<\/p>","protected":false},"featured_media":9802,"comment_status":"open","ping_status":"closed","template":"","meta":{"_acf_changed":false},"product_cat":[415],"product_tag":[854,855,856,859,366,857,858,187],"class_list":["product","first","outofstock","shipping-taxable","purchasable","product-type-simple"],"acf":[],"_links":{"self":[{"href":"https:\/\/mouldking.store\/vi\/wp-json\/wp\/v2\/product\/9111","targetHints":{"allow":["GET"]}}],"collection":[{"href":"https:\/\/mouldking.store\/vi\/wp-json\/wp\/v2\/product"}],"about":[{"href":"https:\/\/mouldking.store\/vi\/wp-json\/wp\/v2\/types\/product"}],"replies":[{"embeddable":true,"href":"https:\/\/mouldking.store\/vi\/wp-json\/wp\/v2\/comments?post=9111"}],"wp:featuredmedia":[{"embeddable":true,"href":"https:\/\/mouldking.store\/vi\/wp-json\/wp\/v2\/media\/9802"}],"wp:attachment":[{"href":"https:\/\/mouldking.store\/vi\/wp-json\/wp\/v2\/media?parent=9111"}],"wp:term":[{"taxonomy":"product_cat","embeddable":true,"href":"https:\/\/mouldking.store\/vi\/wp-json\/wp\/v2\/product_cat?post=9111"},{"taxonomy":"product_tag","embeddable":true,"href":"https:\/\/mouldking.store\/vi\/wp-json\/wp\/v2\/product_tag?post=9111"}],"curies":[{"name":"wp","href":"https:\/\/api.w.org\/{rel}","templated":true}]}}