{"id":9200,"date":"2021-01-28T09:44:49","date_gmt":"2021-01-28T02:44:49","guid":{"rendered":"https:\/\/mouldking.store\/shop\/mould-king-13145-1-8-mclaren-720s\/"},"modified":"2025-12-25T09:28:24","modified_gmt":"2025-12-25T02:28:24","slug":"mould-king-13145-1-8-mclaren-720s","status":"publish","type":"product","link":"https:\/\/mouldking.store\/vi\/shop\/mould-king-13145-1-8-mclaren-720s\/","title":{"rendered":"KHU\u00d4N VUA 13145 MOC-46762 McLaren 720S 1:8 v\u1edbi 3180 mi\u1ebfng"},"content":{"rendered":"<p>Th\u00f4ng tin s\u1ea3n ph\u1ea9m:<\/p>\n<ol>\n<li>Lo\u1ea1i: Kh\u1ed1i<\/li>\n<li>C\u1ea3nh b\u00e1o: kh\u00f4ng th\u1ec3 \u0103n<\/li>\n<li>\u0110\u1ed9 tu\u1ed5i: &gt; 6 tu\u1ed5i<\/li>\n<li>S\u1ed1 m\u00f4 h\u00ecnh: 13145<\/li>\n<li>Ph\u00e2n lo\u1ea1i: T\u1eadp h\u1ee3p<\/li>\n<li>H\u00ecnh d\u1ea1ng kh\u1ed1i nh\u1ef1a: G\u1ea1ch t\u1ef1 kh\u00f3a<\/li>\n<li>Ch\u1ea5t li\u1ec7u: Nh\u1ef1a<\/li>\n<li>Lo\u1ea1i nh\u1ef1a: ABS<\/li>\n<li>Kh\u1ed1i g\u1ea1ch: 3180+PCS\u00a0<span style=\"color: #ff2a00;\"><strong>\uff08phi\u00ean b\u1ea3n t\u0129nh\uff09<\/strong><\/span><\/li>\n<li>C\u00f3 h\u01b0\u1edbng d\u1eabn l\u1eafp r\u00e1p chi ti\u1ebft<\/li>\n<li><strong><span style=\"color: #ff2a00;\">G\u00f3i PF c\u1ea7n \u0111\u01b0\u1ee3c \u0111\u1eb7t h\u00e0ng ri\u00eang, g\u00f3i n\u00e0y ch\u01b0a \u0111\u01b0\u1ee3c ph\u00e1t h\u00e0nh!<\/span><\/strong><\/li>\n<\/ol>\n<p>\u0110\u1ec3 \u00fd:<br \/>\n1. Kh\u00f4ng c\u00f3 h\u1ed9p ban \u0111\u1ea7u, nh\u01b0ng ch\u00fang t\u00f4i \u0111\u1ea3m b\u1ea3o s\u1ea3n ph\u1ea9m c\u1ee7a ch\u00fang t\u00f4i c\u00f3 ch\u1ea5t l\u01b0\u1ee3ng \u0111\u1ea3m b\u1ea3o v\u00e0 bao b\u00ec \u0111\u1eb9p.<br \/>\n2. V\u00ec t\u1ea5t c\u1ea3 c\u00e1c b\u1ed9 ph\u1eadn ch\u00fang t\u00f4i \u0111\u00e3 ki\u1ec3m tra tr\u01b0\u1edbc khi v\u1eadn chuy\u1ec3n, v\u00ec v\u1eady n\u1ebfu b\u1ea1n th\u1ea5y m\u1ed9t s\u1ed1 b\u1ed9 ph\u1eadn b\u1ecb thi\u1ebfu ho\u1eb7c h\u01b0 h\u1ecfng, \u0111\u1eebng lo l\u1eafng v\u00e0 ch\u1ec9 c\u1ea7n vui l\u00f2ng li\u00ean h\u1ec7 v\u1edbi ch\u00fang t\u00f4i v\u00e0 ch\u00fang t\u00f4i c\u00f3 th\u1ec3 g\u1eedi l\u1ea1i mi\u1ec5n ph\u00ed cho b\u1ea1n ngay l\u1eadp t\u1ee9c.<\/p>","protected":false},"excerpt":{"rendered":"<p>Product information: Type: Blocks Warning: can not eat Age Range: &gt; 6 years old Model Number:\u00a013145 Classification: Assemblage Plastic Block Shape: Self-Locking Bricks Material: Plastic Plastic Type: ABS Bricks Blocks: 3180+PCS\u00a0\uff08static version\uff09 Contains detailed assembly instructions PF package need to be ordered seperately, it haven&#8217;t been\u00a0released ! Notice: 1. Without original box, but we guarantee [&hellip;]<\/p>","protected":false},"featured_media":9980,"comment_status":"open","ping_status":"closed","template":"","meta":{"_acf_changed":false},"product_cat":[364],"product_tag":[598,741,742,419,457,430,740,462,739,366,738,480,166],"class_list":["product","first","outofstock","sale","shipping-taxable","purchasable","product-type-simple"],"acf":[],"_links":{"self":[{"href":"https:\/\/mouldking.store\/vi\/wp-json\/wp\/v2\/product\/9200","targetHints":{"allow":["GET"]}}],"collection":[{"href":"https:\/\/mouldking.store\/vi\/wp-json\/wp\/v2\/product"}],"about":[{"href":"https:\/\/mouldking.store\/vi\/wp-json\/wp\/v2\/types\/product"}],"replies":[{"embeddable":true,"href":"https:\/\/mouldking.store\/vi\/wp-json\/wp\/v2\/comments?post=9200"}],"wp:featuredmedia":[{"embeddable":true,"href":"https:\/\/mouldking.store\/vi\/wp-json\/wp\/v2\/media\/9980"}],"wp:attachment":[{"href":"https:\/\/mouldking.store\/vi\/wp-json\/wp\/v2\/media?parent=9200"}],"wp:term":[{"taxonomy":"product_cat","embeddable":true,"href":"https:\/\/mouldking.store\/vi\/wp-json\/wp\/v2\/product_cat?post=9200"},{"taxonomy":"product_tag","embeddable":true,"href":"https:\/\/mouldking.store\/vi\/wp-json\/wp\/v2\/product_tag?post=9200"}],"curies":[{"name":"wp","href":"https:\/\/api.w.org\/{rel}","templated":true}]}}