{"id":9254,"date":"2021-01-28T09:44:59","date_gmt":"2021-01-28T02:44:59","guid":{"rendered":"https:\/\/mouldking.store\/shop\/mould-king-13130-liebherr-terex-rh400-mining-excavator\/"},"modified":"2025-12-25T09:28:22","modified_gmt":"2025-12-25T02:28:22","slug":"mould-king-13130-liebherr-terex-rh400-mining-excavator","status":"publish","type":"product","link":"https:\/\/mouldking.store\/vi\/shop\/mould-king-13130-liebherr-terex-rh400-mining-excavator\/","title":{"rendered":"KHU\u00d4N KING 13130 MOC-1874 M\u00e1y \u0111\u00e0o khai th\u00e1c Terex RH400"},"content":{"rendered":"<ul>\n<li>Th\u00f4ng tin s\u1ea3n ph\u1ea9m:<\/li>\n<\/ul>\n<ol>\n<li>Model Number: MOULD KING 13130<\/li>\n<li>C\u1ea3nh b\u00e1o: kh\u00f4ng th\u1ec3 \u0103n<\/li>\n<li>\u0110\u1ed9 tu\u1ed5i: &gt; 12 tu\u1ed5i<\/li>\n<li><span class=\"propery-title\">ch\u1ee9ng nh\u1eadn:\u00a0<\/span><span class=\"propery-des\" title=\"3C\">3C<\/span><\/li>\n<li>Ph\u00e2n lo\u1ea1i: T\u1eadp h\u1ee3p<\/li>\n<li>H\u00ecnh d\u1ea1ng kh\u1ed1i nh\u1ef1a: G\u1ea1ch t\u1ef1 kh\u00f3a<\/li>\n<li>Ch\u1ea5t li\u1ec7u: Nh\u1ef1a<\/li>\n<li>Lo\u1ea1i nh\u1ef1a: ABS<\/li>\n<li>Bricks Blocks: ~4415+PCS<\/li>\n<li>Contain instructions, PF parts<\/li>\n<li><strong><span style=\"color: #ff2a00\">li\u00ean k\u1ebft \u1ee9ng d\u1ee5ng<\/span><\/strong>: n\u1ebfu kh\u00f4ng th\u1ec3 t\u1ea3i \u1ee9ng d\u1ee5ng th\u00f4ng qua m\u00e3 QR, vui l\u00f2ng li\u00ean h\u1ec7 v\u1edbi ng\u01b0\u1eddi b\u00e1n \u0111\u1ec3 t\u1ea3i \u1ee9ng d\u1ee5ng.<\/li>\n<\/ol>\n<ul>\n<li>\u0110\u1ec3 \u00fd:<\/li>\n<\/ul>\n<ol>\n<li>Kh\u00f4ng c\u00f3 h\u1ed9p ban \u0111\u1ea7u, nh\u01b0ng ch\u00fang t\u00f4i \u0111\u1ea3m b\u1ea3o s\u1ea3n ph\u1ea9m c\u1ee7a ch\u00fang t\u00f4i c\u00f3 ch\u1ea5t l\u01b0\u1ee3ng \u0111\u1ea3m b\u1ea3o v\u00e0 bao b\u00ec \u0111\u1eb9p.<\/li>\n<li>V\u00ec t\u1ea5t c\u1ea3 c\u00e1c b\u1ed9 ph\u1eadn ch\u00fang t\u00f4i \u0111\u00e3 ki\u1ec3m tra tr\u01b0\u1edbc khi v\u1eadn chuy\u1ec3n, v\u00ec v\u1eady n\u1ebfu b\u1ea1n th\u1ea5y m\u1ed9t s\u1ed1 b\u1ed9 ph\u1eadn b\u1ecb thi\u1ebfu ho\u1eb7c h\u01b0 h\u1ecfng, \u0111\u1eebng lo l\u1eafng v\u00e0 ch\u1ec9 c\u1ea7n li\u00ean h\u1ec7 v\u1edbi ch\u00fang t\u00f4i v\u00e0 ch\u00fang t\u00f4i c\u00f3 th\u1ec3 g\u1eedi l\u1ea1i mi\u1ec5n ph\u00ed cho b\u1ea1n ngay l\u1eadp t\u1ee9c.<\/li>\n<\/ol>","protected":false},"excerpt":{"rendered":"<p>Product information: Model Number: MOULD KING 13130 Warning: can not eat Age Range: &gt;\u00a012 years old Certification:\u00a03C Classification: Assemblage Plastic Block Shape: Self-Locking Bricks Material: Plastic Plastic Type: ABS Bricks Blocks: ~4415+PCS Contain instructions, PF parts APP link: if can&#8217;t get app through QR code, just pls contact seller to get it. Notice: Without original [&hellip;]<\/p>","protected":false},"featured_media":10152,"comment_status":"open","ping_status":"closed","template":"","meta":{"_acf_changed":false},"product_cat":[364],"product_tag":[1285,1284,1286],"class_list":["product","first","instock","sale","shipping-taxable","purchasable","product-type-simple"],"acf":[],"_links":{"self":[{"href":"https:\/\/mouldking.store\/vi\/wp-json\/wp\/v2\/product\/9254","targetHints":{"allow":["GET"]}}],"collection":[{"href":"https:\/\/mouldking.store\/vi\/wp-json\/wp\/v2\/product"}],"about":[{"href":"https:\/\/mouldking.store\/vi\/wp-json\/wp\/v2\/types\/product"}],"replies":[{"embeddable":true,"href":"https:\/\/mouldking.store\/vi\/wp-json\/wp\/v2\/comments?post=9254"}],"wp:featuredmedia":[{"embeddable":true,"href":"https:\/\/mouldking.store\/vi\/wp-json\/wp\/v2\/media\/10152"}],"wp:attachment":[{"href":"https:\/\/mouldking.store\/vi\/wp-json\/wp\/v2\/media?parent=9254"}],"wp:term":[{"taxonomy":"product_cat","embeddable":true,"href":"https:\/\/mouldking.store\/vi\/wp-json\/wp\/v2\/product_cat?post=9254"},{"taxonomy":"product_tag","embeddable":true,"href":"https:\/\/mouldking.store\/vi\/wp-json\/wp\/v2\/product_tag?post=9254"}],"curies":[{"name":"wp","href":"https:\/\/api.w.org\/{rel}","templated":true}]}}