{"id":9283,"date":"2021-01-28T09:45:06","date_gmt":"2021-01-28T02:45:06","guid":{"rendered":"https:\/\/mouldking.store\/shop\/mould-king-13090-mclaren-p1\/"},"modified":"2025-12-25T09:28:22","modified_gmt":"2025-12-25T02:28:22","slug":"mould-king-13090-moc-16915-mclaren-p1-hypercar-18-with-3228-pieces","status":"publish","type":"product","link":"https:\/\/mouldking.store\/vi\/shop\/mould-king-13090-moc-16915-mclaren-p1-hypercar-18-with-3228-pieces\/","title":{"rendered":"KHU\u00d4N KING 13090S MOC-16915 Si\u00eau xe McLaren P1 1:8 v\u1edbi 3228 M\u1ea3nh gh\u00e9p"},"content":{"rendered":"<p>Th\u00f4ng tin s\u1ea3n ph\u1ea9m:<\/p>\n<ol>\n<li>Lo\u1ea1i: Kh\u1ed1i<\/li>\n<li>Gi\u1edbi t\u00ednh: Unisex<\/li>\n<li>C\u1ea3nh b\u00e1o: kh\u00f4ng th\u1ec3 \u0103n<\/li>\n<li>\u0110\u1ed9 tu\u1ed5i: &gt; 6 tu\u1ed5i<\/li>\n<li>S\u1ed1 m\u00f4 h\u00ecnh: 13090S<\/li>\n<li>Ph\u00e2n lo\u1ea1i: T\u1eadp h\u1ee3p<\/li>\n<li>H\u00ecnh d\u1ea1ng kh\u1ed1i nh\u1ef1a: G\u1ea1ch t\u1ef1 kh\u00f3a<\/li>\n<li>Ch\u1ea5t li\u1ec7u: Nh\u1ef1a<\/li>\n<li>Lo\u1ea1i nh\u1ef1a: ABS<\/li>\n<li>Kh\u1ed1i g\u1ea1ch: 3228 C\u00c1I<\/li>\n<li>Ch\u1ee9a h\u01b0\u1edbng d\u1eabn l\u1eafp r\u00e1p chi ti\u1ebft, c\u00e1c b\u1ed9 ph\u1eadn PF<\/li>\n<li><strong>li\u00ean k\u1ebft \u1ee9ng d\u1ee5ng<\/strong>: n\u1ebfu kh\u00f4ng th\u1ec3 t\u1ea3i \u1ee9ng d\u1ee5ng th\u00f4ng qua m\u00e3 QR, vui l\u00f2ng li\u00ean h\u1ec7 v\u1edbi ng\u01b0\u1eddi b\u00e1n \u0111\u1ec3 t\u1ea3i \u1ee9ng d\u1ee5ng.<\/li>\n<\/ol>\n<p>\u0110\u1ec3 \u00fd:<br \/>\n1. Kh\u00f4ng c\u00f3 h\u1ed9p ban \u0111\u1ea7u, nh\u01b0ng ch\u00fang t\u00f4i \u0111\u1ea3m b\u1ea3o s\u1ea3n ph\u1ea9m c\u1ee7a ch\u00fang t\u00f4i c\u00f3 ch\u1ea5t l\u01b0\u1ee3ng \u0111\u1ea3m b\u1ea3o v\u00e0 bao b\u00ec \u0111\u1eb9p.<br \/>\n2. V\u00ec t\u1ea5t c\u1ea3 c\u00e1c b\u1ed9 ph\u1eadn ch\u00fang t\u00f4i \u0111\u00e3 ki\u1ec3m tra tr\u01b0\u1edbc khi v\u1eadn chuy\u1ec3n, v\u00ec v\u1eady n\u1ebfu b\u1ea1n th\u1ea5y m\u1ed9t s\u1ed1 b\u1ed9 ph\u1eadn b\u1ecb thi\u1ebfu ho\u1eb7c h\u01b0 h\u1ecfng, \u0111\u1eebng lo l\u1eafng v\u00e0 ch\u1ec9 c\u1ea7n vui l\u00f2ng li\u00ean h\u1ec7 v\u1edbi ch\u00fang t\u00f4i v\u00e0 ch\u00fang t\u00f4i c\u00f3 th\u1ec3 g\u1eedi l\u1ea1i mi\u1ec5n ph\u00ed cho b\u1ea1n ngay l\u1eadp t\u1ee9c.<\/p>\n<figure id=\"attachment_11221\" aria-describedby=\"caption-attachment-11221\" style=\"width: 800px\" class=\"wp-caption aligncenter\"><a href=\"https:\/\/mouldking.store\/wp-content\/uploads\/2021\/05\/mould-king-13090-moc-16915-mclaren-p1-hypercar-18-with-3228-pieces.jpg\"><img fetchpriority=\"high\" decoding=\"async\" class=\"wp-image-11221 size-full\" title=\"MOLD KING 13090 MOC-16915 Si\u00eau xe McLaren P1 1:8 v\u1edbi 3228 M\u1ea3nh gh\u00e9p\" src=\"https:\/\/mouldking.store\/wp-content\/uploads\/2021\/05\/mould-king-13090-moc-16915-mclaren-p1-hypercar-18-with-3228-pieces.jpg\" alt=\"MOULD KING 13090 MOC-16915 McLaren P1 hypercar 1:8 with 3228 Pieces\" width=\"800\" height=\"800\" srcset=\"https:\/\/mouldking.store\/wp-content\/uploads\/2021\/05\/mould-king-13090-moc-16915-mclaren-p1-hypercar-18-with-3228-pieces.jpg 800w, https:\/\/mouldking.store\/wp-content\/uploads\/2021\/05\/mould-king-13090-moc-16915-mclaren-p1-hypercar-18-with-3228-pieces-300x300.jpg 300w, https:\/\/mouldking.store\/wp-content\/uploads\/2021\/05\/mould-king-13090-moc-16915-mclaren-p1-hypercar-18-with-3228-pieces-768x768.jpg 768w, https:\/\/mouldking.store\/wp-content\/uploads\/2021\/05\/mould-king-13090-moc-16915-mclaren-p1-hypercar-18-with-3228-pieces-600x600.jpg 600w, https:\/\/mouldking.store\/wp-content\/uploads\/2021\/05\/mould-king-13090-moc-16915-mclaren-p1-hypercar-18-with-3228-pieces-150x150.jpg 150w\" sizes=\"(max-width: 800px) 100vw, 800px\" \/><\/a><figcaption id=\"caption-attachment-11221\" class=\"wp-caption-text\">MOLD KING 13090 MOC-16915 Si\u00eau xe McLaren P1 1:8 v\u1edbi 3228 M\u1ea3nh gh\u00e9p<\/figcaption><\/figure>\n<figure id=\"attachment_11222\" aria-describedby=\"caption-attachment-11222\" style=\"width: 711px\" class=\"wp-caption aligncenter\"><img decoding=\"async\" class=\"size-full wp-image-11222\" title=\"MOLD KING 13090 MOC-16915 Si\u00eau xe McLaren P1 1:8 v\u1edbi 3228 M\u1ea3nh gh\u00e9p\" src=\"http:\/\/mouldking.store\/wp-content\/uploads\/2021\/05\/mould-king-13090-moc-16915-mclaren-p1-hypercar-18-with-3228-pieces-1.jpg\" alt=\"MOULD KING 13090 MOC-16915 McLaren P1 hypercar 1:8 with 3228 Pieces\" width=\"711\" height=\"875\" srcset=\"https:\/\/mouldking.store\/wp-content\/uploads\/2021\/05\/mould-king-13090-moc-16915-mclaren-p1-hypercar-18-with-3228-pieces-1.jpg 711w, https:\/\/mouldking.store\/wp-content\/uploads\/2021\/05\/mould-king-13090-moc-16915-mclaren-p1-hypercar-18-with-3228-pieces-1-244x300.jpg 244w, https:\/\/mouldking.store\/wp-content\/uploads\/2021\/05\/mould-king-13090-moc-16915-mclaren-p1-hypercar-18-with-3228-pieces-1-300x369.jpg 300w, https:\/\/mouldking.store\/wp-content\/uploads\/2021\/05\/mould-king-13090-moc-16915-mclaren-p1-hypercar-18-with-3228-pieces-1-600x738.jpg 600w, https:\/\/mouldking.store\/wp-content\/uploads\/2021\/05\/mould-king-13090-moc-16915-mclaren-p1-hypercar-18-with-3228-pieces-1-122x150.jpg 122w\" sizes=\"(max-width: 711px) 100vw, 711px\" \/><figcaption id=\"caption-attachment-11222\" class=\"wp-caption-text\">MOLD KING 13090 MOC-16915 Si\u00eau xe McLaren P1 1:8 v\u1edbi 3228 M\u1ea3nh gh\u00e9p<\/figcaption><\/figure>\n<figure id=\"attachment_11223\" aria-describedby=\"caption-attachment-11223\" style=\"width: 711px\" class=\"wp-caption aligncenter\"><img decoding=\"async\" class=\"size-full wp-image-11223\" title=\"MOLD KING 13090 MOC-16915 Si\u00eau xe McLaren P1 1:8 v\u1edbi 3228 M\u1ea3nh gh\u00e9p\" src=\"http:\/\/mouldking.store\/wp-content\/uploads\/2021\/05\/mould-king-13090-moc-16915-mclaren-p1-hypercar-18-with-3228-pieces-2.jpg\" alt=\"MOULD KING 13090 MOC-16915 McLaren P1 hypercar 1:8 with 3228 Pieces\" width=\"711\" height=\"889\" srcset=\"https:\/\/mouldking.store\/wp-content\/uploads\/2021\/05\/mould-king-13090-moc-16915-mclaren-p1-hypercar-18-with-3228-pieces-2.jpg 711w, https:\/\/mouldking.store\/wp-content\/uploads\/2021\/05\/mould-king-13090-moc-16915-mclaren-p1-hypercar-18-with-3228-pieces-2-240x300.jpg 240w, https:\/\/mouldking.store\/wp-content\/uploads\/2021\/05\/mould-king-13090-moc-16915-mclaren-p1-hypercar-18-with-3228-pieces-2-300x375.jpg 300w, https:\/\/mouldking.store\/wp-content\/uploads\/2021\/05\/mould-king-13090-moc-16915-mclaren-p1-hypercar-18-with-3228-pieces-2-600x750.jpg 600w, https:\/\/mouldking.store\/wp-content\/uploads\/2021\/05\/mould-king-13090-moc-16915-mclaren-p1-hypercar-18-with-3228-pieces-2-120x150.jpg 120w\" sizes=\"(max-width: 711px) 100vw, 711px\" \/><figcaption id=\"caption-attachment-11223\" class=\"wp-caption-text\">MOLD KING 13090 MOC-16915 Si\u00eau xe McLaren P1 1:8 v\u1edbi 3228 M\u1ea3nh gh\u00e9p<\/figcaption><\/figure>\n<figure id=\"attachment_11224\" aria-describedby=\"caption-attachment-11224\" style=\"width: 711px\" class=\"wp-caption aligncenter\"><img loading=\"lazy\" decoding=\"async\" class=\"size-full wp-image-11224\" title=\"MOLD KING 13090 MOC-16915 Si\u00eau xe McLaren P1 1:8 v\u1edbi 3228 M\u1ea3nh gh\u00e9p\" src=\"http:\/\/mouldking.store\/wp-content\/uploads\/2021\/05\/mould-king-13090-moc-16915-mclaren-p1-hypercar-18-with-3228-pieces-3.jpg\" alt=\"MOULD KING 13090 MOC-16915 McLaren P1 hypercar 1:8 with 3228 Pieces\" width=\"711\" height=\"698\" srcset=\"https:\/\/mouldking.store\/wp-content\/uploads\/2021\/05\/mould-king-13090-moc-16915-mclaren-p1-hypercar-18-with-3228-pieces-3.jpg 711w, https:\/\/mouldking.store\/wp-content\/uploads\/2021\/05\/mould-king-13090-moc-16915-mclaren-p1-hypercar-18-with-3228-pieces-3-300x295.jpg 300w, https:\/\/mouldking.store\/wp-content\/uploads\/2021\/05\/mould-king-13090-moc-16915-mclaren-p1-hypercar-18-with-3228-pieces-3-600x589.jpg 600w, https:\/\/mouldking.store\/wp-content\/uploads\/2021\/05\/mould-king-13090-moc-16915-mclaren-p1-hypercar-18-with-3228-pieces-3-150x147.jpg 150w\" sizes=\"(max-width: 711px) 100vw, 711px\" \/><figcaption id=\"caption-attachment-11224\" class=\"wp-caption-text\">MOLD KING 13090 MOC-16915 Si\u00eau xe McLaren P1 1:8 v\u1edbi 3228 M\u1ea3nh gh\u00e9p<\/figcaption><\/figure>\n<figure id=\"attachment_11225\" aria-describedby=\"caption-attachment-11225\" style=\"width: 711px\" class=\"wp-caption aligncenter\"><img loading=\"lazy\" decoding=\"async\" class=\"size-full wp-image-11225\" title=\"MOLD KING 13090 MOC-16915 Si\u00eau xe McLaren P1 1:8 v\u1edbi 3228 M\u1ea3nh gh\u00e9p\" src=\"http:\/\/mouldking.store\/wp-content\/uploads\/2021\/05\/mould-king-13090-moc-16915-mclaren-p1-hypercar-18-with-3228-pieces-4.jpg\" alt=\"MOULD KING 13090 MOC-16915 McLaren P1 hypercar 1:8 with 3228 Pieces\" width=\"711\" height=\"670\" srcset=\"https:\/\/mouldking.store\/wp-content\/uploads\/2021\/05\/mould-king-13090-moc-16915-mclaren-p1-hypercar-18-with-3228-pieces-4.jpg 711w, https:\/\/mouldking.store\/wp-content\/uploads\/2021\/05\/mould-king-13090-moc-16915-mclaren-p1-hypercar-18-with-3228-pieces-4-300x283.jpg 300w, https:\/\/mouldking.store\/wp-content\/uploads\/2021\/05\/mould-king-13090-moc-16915-mclaren-p1-hypercar-18-with-3228-pieces-4-600x565.jpg 600w, https:\/\/mouldking.store\/wp-content\/uploads\/2021\/05\/mould-king-13090-moc-16915-mclaren-p1-hypercar-18-with-3228-pieces-4-150x141.jpg 150w\" sizes=\"(max-width: 711px) 100vw, 711px\" \/><figcaption id=\"caption-attachment-11225\" class=\"wp-caption-text\">MOLD KING 13090 MOC-16915 Si\u00eau xe McLaren P1 1:8 v\u1edbi 3228 M\u1ea3nh gh\u00e9p<\/figcaption><\/figure>\n<figure id=\"attachment_11226\" aria-describedby=\"caption-attachment-11226\" style=\"width: 711px\" class=\"wp-caption aligncenter\"><img loading=\"lazy\" decoding=\"async\" class=\"size-full wp-image-11226\" title=\"MOLD KING 13090 MOC-16915 Si\u00eau xe McLaren P1 1:8 v\u1edbi 3228 M\u1ea3nh gh\u00e9p\" src=\"http:\/\/mouldking.store\/wp-content\/uploads\/2021\/05\/mould-king-13090-moc-16915-mclaren-p1-hypercar-18-with-3228-pieces-5.jpg\" alt=\"MOULD KING 13090 MOC-16915 McLaren P1 hypercar 1:8 with 3228 Pieces\" width=\"711\" height=\"749\" srcset=\"https:\/\/mouldking.store\/wp-content\/uploads\/2021\/05\/mould-king-13090-moc-16915-mclaren-p1-hypercar-18-with-3228-pieces-5.jpg 711w, https:\/\/mouldking.store\/wp-content\/uploads\/2021\/05\/mould-king-13090-moc-16915-mclaren-p1-hypercar-18-with-3228-pieces-5-285x300.jpg 285w, https:\/\/mouldking.store\/wp-content\/uploads\/2021\/05\/mould-king-13090-moc-16915-mclaren-p1-hypercar-18-with-3228-pieces-5-300x316.jpg 300w, https:\/\/mouldking.store\/wp-content\/uploads\/2021\/05\/mould-king-13090-moc-16915-mclaren-p1-hypercar-18-with-3228-pieces-5-600x632.jpg 600w, https:\/\/mouldking.store\/wp-content\/uploads\/2021\/05\/mould-king-13090-moc-16915-mclaren-p1-hypercar-18-with-3228-pieces-5-142x150.jpg 142w\" sizes=\"(max-width: 711px) 100vw, 711px\" \/><figcaption id=\"caption-attachment-11226\" class=\"wp-caption-text\">MOLD KING 13090 MOC-16915 Si\u00eau xe McLaren P1 1:8 v\u1edbi 3228 M\u1ea3nh gh\u00e9p<\/figcaption><\/figure>\n<figure id=\"attachment_11227\" aria-describedby=\"caption-attachment-11227\" style=\"width: 800px\" class=\"wp-caption aligncenter\"><img loading=\"lazy\" decoding=\"async\" class=\"size-full wp-image-11227\" title=\"MOLD KING 13090 MOC-16915 Si\u00eau xe McLaren P1 1:8 v\u1edbi 3228 M\u1ea3nh gh\u00e9p\" src=\"http:\/\/mouldking.store\/wp-content\/uploads\/2021\/05\/mould-king-13090-moc-16915-mclaren-p1-hypercar-18-with-3228-pieces-6.jpg\" alt=\"MOULD KING 13090 MOC-16915 McLaren P1 hypercar 1:8 with 3228 Pieces\" width=\"800\" height=\"800\" srcset=\"https:\/\/mouldking.store\/wp-content\/uploads\/2021\/05\/mould-king-13090-moc-16915-mclaren-p1-hypercar-18-with-3228-pieces-6.jpg 800w, https:\/\/mouldking.store\/wp-content\/uploads\/2021\/05\/mould-king-13090-moc-16915-mclaren-p1-hypercar-18-with-3228-pieces-6-300x300.jpg 300w, https:\/\/mouldking.store\/wp-content\/uploads\/2021\/05\/mould-king-13090-moc-16915-mclaren-p1-hypercar-18-with-3228-pieces-6-768x768.jpg 768w, https:\/\/mouldking.store\/wp-content\/uploads\/2021\/05\/mould-king-13090-moc-16915-mclaren-p1-hypercar-18-with-3228-pieces-6-600x600.jpg 600w, https:\/\/mouldking.store\/wp-content\/uploads\/2021\/05\/mould-king-13090-moc-16915-mclaren-p1-hypercar-18-with-3228-pieces-6-150x150.jpg 150w\" sizes=\"(max-width: 800px) 100vw, 800px\" \/><figcaption id=\"caption-attachment-11227\" class=\"wp-caption-text\">MOLD KING 13090 MOC-16915 Si\u00eau xe McLaren P1 1:8 v\u1edbi 3228 M\u1ea3nh gh\u00e9p<\/figcaption><\/figure>\n<figure id=\"attachment_11228\" aria-describedby=\"caption-attachment-11228\" style=\"width: 711px\" class=\"wp-caption aligncenter\"><img loading=\"lazy\" decoding=\"async\" class=\"size-full wp-image-11228\" title=\"MOLD KING 13090 MOC-16915 Si\u00eau xe McLaren P1 1:8 v\u1edbi 3228 M\u1ea3nh gh\u00e9p\" src=\"http:\/\/mouldking.store\/wp-content\/uploads\/2021\/05\/mould-king-13090-moc-16915-mclaren-p1-hypercar-18-with-3228-pieces-7.jpg\" alt=\"MOULD KING 13090 MOC-16915 McLaren P1 hypercar 1:8 with 3228 Pieces\" width=\"711\" height=\"797\" srcset=\"https:\/\/mouldking.store\/wp-content\/uploads\/2021\/05\/mould-king-13090-moc-16915-mclaren-p1-hypercar-18-with-3228-pieces-7.jpg 711w, https:\/\/mouldking.store\/wp-content\/uploads\/2021\/05\/mould-king-13090-moc-16915-mclaren-p1-hypercar-18-with-3228-pieces-7-268x300.jpg 268w, https:\/\/mouldking.store\/wp-content\/uploads\/2021\/05\/mould-king-13090-moc-16915-mclaren-p1-hypercar-18-with-3228-pieces-7-300x336.jpg 300w, https:\/\/mouldking.store\/wp-content\/uploads\/2021\/05\/mould-king-13090-moc-16915-mclaren-p1-hypercar-18-with-3228-pieces-7-600x673.jpg 600w, https:\/\/mouldking.store\/wp-content\/uploads\/2021\/05\/mould-king-13090-moc-16915-mclaren-p1-hypercar-18-with-3228-pieces-7-134x150.jpg 134w\" sizes=\"(max-width: 711px) 100vw, 711px\" \/><figcaption id=\"caption-attachment-11228\" class=\"wp-caption-text\">MOLD KING 13090 MOC-16915 Si\u00eau xe McLaren P1 1:8 v\u1edbi 3228 M\u1ea3nh gh\u00e9p<\/figcaption><\/figure>\n<figure id=\"attachment_11229\" aria-describedby=\"caption-attachment-11229\" style=\"width: 711px\" class=\"wp-caption aligncenter\"><img loading=\"lazy\" decoding=\"async\" class=\"size-full wp-image-11229\" title=\"MOLD KING 13090 MOC-16915 Si\u00eau xe McLaren P1 1:8 v\u1edbi 3228 M\u1ea3nh gh\u00e9p\" src=\"http:\/\/mouldking.store\/wp-content\/uploads\/2021\/05\/mould-king-13090-moc-16915-mclaren-p1-hypercar-18-with-3228-pieces-8.jpg\" alt=\"MOULD KING 13090 MOC-16915 McLaren P1 hypercar 1:8 with 3228 Pieces\" width=\"711\" height=\"922\" srcset=\"https:\/\/mouldking.store\/wp-content\/uploads\/2021\/05\/mould-king-13090-moc-16915-mclaren-p1-hypercar-18-with-3228-pieces-8.jpg 711w, https:\/\/mouldking.store\/wp-content\/uploads\/2021\/05\/mould-king-13090-moc-16915-mclaren-p1-hypercar-18-with-3228-pieces-8-231x300.jpg 231w, https:\/\/mouldking.store\/wp-content\/uploads\/2021\/05\/mould-king-13090-moc-16915-mclaren-p1-hypercar-18-with-3228-pieces-8-300x389.jpg 300w, https:\/\/mouldking.store\/wp-content\/uploads\/2021\/05\/mould-king-13090-moc-16915-mclaren-p1-hypercar-18-with-3228-pieces-8-600x778.jpg 600w, https:\/\/mouldking.store\/wp-content\/uploads\/2021\/05\/mould-king-13090-moc-16915-mclaren-p1-hypercar-18-with-3228-pieces-8-116x150.jpg 116w\" sizes=\"(max-width: 711px) 100vw, 711px\" \/><figcaption id=\"caption-attachment-11229\" class=\"wp-caption-text\">MOLD KING 13090 MOC-16915 Si\u00eau xe McLaren P1 1:8 v\u1edbi 3228 M\u1ea3nh gh\u00e9p<\/figcaption><\/figure>\n<figure id=\"attachment_11230\" aria-describedby=\"caption-attachment-11230\" style=\"width: 711px\" class=\"wp-caption aligncenter\"><img loading=\"lazy\" decoding=\"async\" class=\"size-full wp-image-11230\" title=\"MOLD KING 13090 MOC-16915 Si\u00eau xe McLaren P1 1:8 v\u1edbi 3228 M\u1ea3nh gh\u00e9p\" src=\"http:\/\/mouldking.store\/wp-content\/uploads\/2021\/05\/mould-king-13090-moc-16915-mclaren-p1-hypercar-18-with-3228-pieces-9.jpg\" alt=\"MOULD KING 13090 MOC-16915 McLaren P1 hypercar 1:8 with 3228 Pieces\" width=\"711\" height=\"923\" srcset=\"https:\/\/mouldking.store\/wp-content\/uploads\/2021\/05\/mould-king-13090-moc-16915-mclaren-p1-hypercar-18-with-3228-pieces-9.jpg 711w, https:\/\/mouldking.store\/wp-content\/uploads\/2021\/05\/mould-king-13090-moc-16915-mclaren-p1-hypercar-18-with-3228-pieces-9-231x300.jpg 231w, https:\/\/mouldking.store\/wp-content\/uploads\/2021\/05\/mould-king-13090-moc-16915-mclaren-p1-hypercar-18-with-3228-pieces-9-300x389.jpg 300w, https:\/\/mouldking.store\/wp-content\/uploads\/2021\/05\/mould-king-13090-moc-16915-mclaren-p1-hypercar-18-with-3228-pieces-9-600x779.jpg 600w, https:\/\/mouldking.store\/wp-content\/uploads\/2021\/05\/mould-king-13090-moc-16915-mclaren-p1-hypercar-18-with-3228-pieces-9-116x150.jpg 116w\" sizes=\"(max-width: 711px) 100vw, 711px\" \/><figcaption id=\"caption-attachment-11230\" class=\"wp-caption-text\">MOLD KING 13090 MOC-16915 Si\u00eau xe McLaren P1 1:8 v\u1edbi 3228 M\u1ea3nh gh\u00e9p<\/figcaption><\/figure>\n<figure id=\"attachment_11231\" aria-describedby=\"caption-attachment-11231\" style=\"width: 711px\" class=\"wp-caption aligncenter\"><img loading=\"lazy\" decoding=\"async\" class=\"size-full wp-image-11231\" title=\"MOLD KING 13090 MOC-16915 Si\u00eau xe McLaren P1 1:8 v\u1edbi 3228 M\u1ea3nh gh\u00e9p\" src=\"http:\/\/mouldking.store\/wp-content\/uploads\/2021\/05\/mould-king-13090-moc-16915-mclaren-p1-hypercar-18-with-3228-pieces-10.jpg\" alt=\"MOULD KING 13090 MOC-16915 McLaren P1 hypercar 1:8 with 3228 Pieces\" width=\"711\" height=\"752\" srcset=\"https:\/\/mouldking.store\/wp-content\/uploads\/2021\/05\/mould-king-13090-moc-16915-mclaren-p1-hypercar-18-with-3228-pieces-10.jpg 711w, https:\/\/mouldking.store\/wp-content\/uploads\/2021\/05\/mould-king-13090-moc-16915-mclaren-p1-hypercar-18-with-3228-pieces-10-284x300.jpg 284w, https:\/\/mouldking.store\/wp-content\/uploads\/2021\/05\/mould-king-13090-moc-16915-mclaren-p1-hypercar-18-with-3228-pieces-10-300x317.jpg 300w, https:\/\/mouldking.store\/wp-content\/uploads\/2021\/05\/mould-king-13090-moc-16915-mclaren-p1-hypercar-18-with-3228-pieces-10-600x635.jpg 600w, https:\/\/mouldking.store\/wp-content\/uploads\/2021\/05\/mould-king-13090-moc-16915-mclaren-p1-hypercar-18-with-3228-pieces-10-142x150.jpg 142w\" sizes=\"(max-width: 711px) 100vw, 711px\" \/><figcaption id=\"caption-attachment-11231\" class=\"wp-caption-text\">MOLD KING 13090 MOC-16915 Si\u00eau xe McLaren P1 1:8 v\u1edbi 3228 M\u1ea3nh gh\u00e9p<\/figcaption><\/figure>\n<figure id=\"attachment_11232\" aria-describedby=\"caption-attachment-11232\" style=\"width: 711px\" class=\"wp-caption aligncenter\"><img loading=\"lazy\" decoding=\"async\" class=\"size-full wp-image-11232\" title=\"MOLD KING 13090 MOC-16915 Si\u00eau xe McLaren P1 1:8 v\u1edbi 3228 M\u1ea3nh gh\u00e9p\" src=\"http:\/\/mouldking.store\/wp-content\/uploads\/2021\/05\/mould-king-13090-moc-16915-mclaren-p1-hypercar-18-with-3228-pieces-11.jpg\" alt=\"MOULD KING 13090 MOC-16915 McLaren P1 hypercar 1:8 with 3228 Pieces\" width=\"711\" height=\"839\" srcset=\"https:\/\/mouldking.store\/wp-content\/uploads\/2021\/05\/mould-king-13090-moc-16915-mclaren-p1-hypercar-18-with-3228-pieces-11.jpg 711w, https:\/\/mouldking.store\/wp-content\/uploads\/2021\/05\/mould-king-13090-moc-16915-mclaren-p1-hypercar-18-with-3228-pieces-11-254x300.jpg 254w, https:\/\/mouldking.store\/wp-content\/uploads\/2021\/05\/mould-king-13090-moc-16915-mclaren-p1-hypercar-18-with-3228-pieces-11-300x354.jpg 300w, https:\/\/mouldking.store\/wp-content\/uploads\/2021\/05\/mould-king-13090-moc-16915-mclaren-p1-hypercar-18-with-3228-pieces-11-600x708.jpg 600w, https:\/\/mouldking.store\/wp-content\/uploads\/2021\/05\/mould-king-13090-moc-16915-mclaren-p1-hypercar-18-with-3228-pieces-11-127x150.jpg 127w\" sizes=\"(max-width: 711px) 100vw, 711px\" \/><figcaption id=\"caption-attachment-11232\" class=\"wp-caption-text\">MOLD KING 13090 MOC-16915 Si\u00eau xe McLaren P1 1:8 v\u1edbi 3228 M\u1ea3nh gh\u00e9p<\/figcaption><\/figure>\n<figure id=\"attachment_11233\" aria-describedby=\"caption-attachment-11233\" style=\"width: 711px\" class=\"wp-caption aligncenter\"><img loading=\"lazy\" decoding=\"async\" class=\"size-full wp-image-11233\" title=\"MOLD KING 13090 MOC-16915 Si\u00eau xe McLaren P1 1:8 v\u1edbi 3228 M\u1ea3nh gh\u00e9p\" src=\"http:\/\/mouldking.store\/wp-content\/uploads\/2021\/05\/mould-king-13090-moc-16915-mclaren-p1-hypercar-18-with-3228-pieces-12.jpg\" alt=\"MOULD KING 13090 MOC-16915 McLaren P1 hypercar 1:8 with 3228 Pieces\" width=\"711\" height=\"842\" srcset=\"https:\/\/mouldking.store\/wp-content\/uploads\/2021\/05\/mould-king-13090-moc-16915-mclaren-p1-hypercar-18-with-3228-pieces-12.jpg 711w, https:\/\/mouldking.store\/wp-content\/uploads\/2021\/05\/mould-king-13090-moc-16915-mclaren-p1-hypercar-18-with-3228-pieces-12-253x300.jpg 253w, https:\/\/mouldking.store\/wp-content\/uploads\/2021\/05\/mould-king-13090-moc-16915-mclaren-p1-hypercar-18-with-3228-pieces-12-300x355.jpg 300w, https:\/\/mouldking.store\/wp-content\/uploads\/2021\/05\/mould-king-13090-moc-16915-mclaren-p1-hypercar-18-with-3228-pieces-12-600x711.jpg 600w, https:\/\/mouldking.store\/wp-content\/uploads\/2021\/05\/mould-king-13090-moc-16915-mclaren-p1-hypercar-18-with-3228-pieces-12-127x150.jpg 127w\" sizes=\"(max-width: 711px) 100vw, 711px\" \/><figcaption id=\"caption-attachment-11233\" class=\"wp-caption-text\">MOLD KING 13090 MOC-16915 Si\u00eau xe McLaren P1 1:8 v\u1edbi 3228 M\u1ea3nh gh\u00e9p<\/figcaption><\/figure>\n<figure id=\"attachment_11234\" aria-describedby=\"caption-attachment-11234\" style=\"width: 711px\" class=\"wp-caption aligncenter\"><img loading=\"lazy\" decoding=\"async\" class=\"size-full wp-image-11234\" title=\"MOLD KING 13090 MOC-16915 Si\u00eau xe McLaren P1 1:8 v\u1edbi 3228 M\u1ea3nh gh\u00e9p\" src=\"http:\/\/mouldking.store\/wp-content\/uploads\/2021\/05\/mould-king-13090-moc-16915-mclaren-p1-hypercar-18-with-3228-pieces-13.jpg\" alt=\"MOULD KING 13090 MOC-16915 McLaren P1 hypercar 1:8 with 3228 Pieces\" width=\"711\" height=\"837\" srcset=\"https:\/\/mouldking.store\/wp-content\/uploads\/2021\/05\/mould-king-13090-moc-16915-mclaren-p1-hypercar-18-with-3228-pieces-13.jpg 711w, https:\/\/mouldking.store\/wp-content\/uploads\/2021\/05\/mould-king-13090-moc-16915-mclaren-p1-hypercar-18-with-3228-pieces-13-255x300.jpg 255w, https:\/\/mouldking.store\/wp-content\/uploads\/2021\/05\/mould-king-13090-moc-16915-mclaren-p1-hypercar-18-with-3228-pieces-13-300x353.jpg 300w, https:\/\/mouldking.store\/wp-content\/uploads\/2021\/05\/mould-king-13090-moc-16915-mclaren-p1-hypercar-18-with-3228-pieces-13-600x706.jpg 600w, https:\/\/mouldking.store\/wp-content\/uploads\/2021\/05\/mould-king-13090-moc-16915-mclaren-p1-hypercar-18-with-3228-pieces-13-127x150.jpg 127w\" sizes=\"(max-width: 711px) 100vw, 711px\" \/><figcaption id=\"caption-attachment-11234\" class=\"wp-caption-text\">MOLD KING 13090 MOC-16915 Si\u00eau xe McLaren P1 1:8 v\u1edbi 3228 M\u1ea3nh gh\u00e9p<\/figcaption><\/figure>\n<figure id=\"attachment_11235\" aria-describedby=\"caption-attachment-11235\" style=\"width: 800px\" class=\"wp-caption aligncenter\"><img loading=\"lazy\" decoding=\"async\" class=\"size-full wp-image-11235\" title=\"MOLD KING 13090 MOC-16915 Si\u00eau xe McLaren P1 1:8 v\u1edbi 3228 M\u1ea3nh gh\u00e9p\" src=\"http:\/\/mouldking.store\/wp-content\/uploads\/2021\/05\/mould-king-13090-moc-16915-mclaren-p1-hypercar-18-with-3228-pieces-14.jpg\" alt=\"MOULD KING 13090 MOC-16915 McLaren P1 hypercar 1:8 with 3228 Pieces\" width=\"800\" height=\"800\" srcset=\"https:\/\/mouldking.store\/wp-content\/uploads\/2021\/05\/mould-king-13090-moc-16915-mclaren-p1-hypercar-18-with-3228-pieces-14.jpg 800w, https:\/\/mouldking.store\/wp-content\/uploads\/2021\/05\/mould-king-13090-moc-16915-mclaren-p1-hypercar-18-with-3228-pieces-14-300x300.jpg 300w, https:\/\/mouldking.store\/wp-content\/uploads\/2021\/05\/mould-king-13090-moc-16915-mclaren-p1-hypercar-18-with-3228-pieces-14-768x768.jpg 768w, https:\/\/mouldking.store\/wp-content\/uploads\/2021\/05\/mould-king-13090-moc-16915-mclaren-p1-hypercar-18-with-3228-pieces-14-600x600.jpg 600w, https:\/\/mouldking.store\/wp-content\/uploads\/2021\/05\/mould-king-13090-moc-16915-mclaren-p1-hypercar-18-with-3228-pieces-14-150x150.jpg 150w\" sizes=\"(max-width: 800px) 100vw, 800px\" \/><figcaption id=\"caption-attachment-11235\" class=\"wp-caption-text\">MOLD KING 13090 MOC-16915 Si\u00eau xe McLaren P1 1:8 v\u1edbi 3228 M\u1ea3nh gh\u00e9p<\/figcaption><\/figure>\n<figure id=\"attachment_11236\" aria-describedby=\"caption-attachment-11236\" style=\"width: 728px\" class=\"wp-caption aligncenter\"><img loading=\"lazy\" decoding=\"async\" class=\"size-full wp-image-11236\" title=\"MOLD KING 13090 MOC-16915 Si\u00eau xe McLaren P1 1:8 v\u1edbi 3228 M\u1ea3nh gh\u00e9p\" src=\"http:\/\/mouldking.store\/wp-content\/uploads\/2021\/05\/mould-king-13090-moc-16915-mclaren-p1-hypercar-18-with-3228-pieces-15.jpg\" alt=\"MOULD KING 13090 MOC-16915 McLaren P1 hypercar 1:8 with 3228 Pieces\" width=\"728\" height=\"1024\" srcset=\"https:\/\/mouldking.store\/wp-content\/uploads\/2021\/05\/mould-king-13090-moc-16915-mclaren-p1-hypercar-18-with-3228-pieces-15.jpg 728w, https:\/\/mouldking.store\/wp-content\/uploads\/2021\/05\/mould-king-13090-moc-16915-mclaren-p1-hypercar-18-with-3228-pieces-15-213x300.jpg 213w, https:\/\/mouldking.store\/wp-content\/uploads\/2021\/05\/mould-king-13090-moc-16915-mclaren-p1-hypercar-18-with-3228-pieces-15-300x422.jpg 300w, https:\/\/mouldking.store\/wp-content\/uploads\/2021\/05\/mould-king-13090-moc-16915-mclaren-p1-hypercar-18-with-3228-pieces-15-600x844.jpg 600w, https:\/\/mouldking.store\/wp-content\/uploads\/2021\/05\/mould-king-13090-moc-16915-mclaren-p1-hypercar-18-with-3228-pieces-15-107x150.jpg 107w\" sizes=\"(max-width: 728px) 100vw, 728px\" \/><figcaption id=\"caption-attachment-11236\" class=\"wp-caption-text\">MOLD KING 13090 MOC-16915 Si\u00eau xe McLaren P1 1:8 v\u1edbi 3228 M\u1ea3nh gh\u00e9p<\/figcaption><\/figure>\n<p>&nbsp;<\/p>","protected":false},"excerpt":{"rendered":"<p>Product information: Type: Blocks Gender: Unisex Warning: can not eat Age Range: &gt; 6 years old Model Number: 13090S Classification: Assemblage Plastic Block Shape: Self-Locking Bricks Material: Plastic Plastic Type: ABS Bricks Blocks: 3228 PCS Contains detailed assembly instructions, PF parts APP link: if can\u2019t get the app through a QR code, just pls contact [&hellip;]<\/p>","protected":false},"featured_media":11221,"comment_status":"open","ping_status":"closed","template":"","meta":{"_acf_changed":false},"product_cat":[364],"product_tag":[598,599,417,419,457,430,431,462,1307,366,602,600,432,433,601,480,166],"class_list":["product","first","instock","sale","shipping-taxable","purchasable","product-type-variable"],"acf":[],"_links":{"self":[{"href":"https:\/\/mouldking.store\/vi\/wp-json\/wp\/v2\/product\/9283","targetHints":{"allow":["GET"]}}],"collection":[{"href":"https:\/\/mouldking.store\/vi\/wp-json\/wp\/v2\/product"}],"about":[{"href":"https:\/\/mouldking.store\/vi\/wp-json\/wp\/v2\/types\/product"}],"replies":[{"embeddable":true,"href":"https:\/\/mouldking.store\/vi\/wp-json\/wp\/v2\/comments?post=9283"}],"wp:featuredmedia":[{"embeddable":true,"href":"https:\/\/mouldking.store\/vi\/wp-json\/wp\/v2\/media\/11221"}],"wp:attachment":[{"href":"https:\/\/mouldking.store\/vi\/wp-json\/wp\/v2\/media?parent=9283"}],"wp:term":[{"taxonomy":"product_cat","embeddable":true,"href":"https:\/\/mouldking.store\/vi\/wp-json\/wp\/v2\/product_cat?post=9283"},{"taxonomy":"product_tag","embeddable":true,"href":"https:\/\/mouldking.store\/vi\/wp-json\/wp\/v2\/product_tag?post=9283"}],"curies":[{"name":"wp","href":"https:\/\/api.w.org\/{rel}","templated":true}]}}